{"id":12,"date":"2021-01-05T13:43:47","date_gmt":"2021-01-05T12:43:47","guid":{"rendered":"http:\/\/misscocktail.fr\/?page_id=12"},"modified":"2024-01-12T17:31:17","modified_gmt":"2024-01-12T16:31:17","slug":"le-nouveau-e-mucem-ouvre-ses-portes-2","status":"publish","type":"page","link":"https:\/\/misscocktail.fr\/","title":{"rendered":"Bienvenue"},"content":{"rendered":"\n<div class=\"wp-block-group alignwide\"><div class=\"wp-block-group__inner-container is-layout-flow wp-block-group-is-layout-flow\">\n<h5 class=\"wp-block-heading has-text-align-center\">sur le site officiel du Comit\u00e9 Miss Cocktail<\/h5>\n\n\n\n<hr class=\"wp-block-separator has-text-color has-css-opacity has-background is-style-default\" style=\"background-color:#db8606;color:#db8606\"\/>\n\n\n\n<div style=\"height:35px\" aria-hidden=\"true\" class=\"wp-block-spacer\"><\/div>\n\n\n\n<p class=\"has-text-align-center\">Regrett\u00e9e par ceux qui l&rsquo;ont connue.<br>Esp\u00e9r\u00e9e par tous les autres.<br>Sa r\u00e9putation a grandi m\u00eame pendant ses ann\u00e9es d&rsquo;absence.<br><strong>Elle vous a entendu !<br>Elle est de retour !<br>10 ans apr\u00e8s : Genevi\u00e8ve de Parmentier est de retour !<\/strong><\/p>\n\n\n\n<div style=\"height:25px\" aria-hidden=\"true\" class=\"wp-block-spacer\"><\/div>\n<\/div><\/div>\n\n\n\n<div class=\"wp-block-columns is-layout-flex wp-container-core-columns-is-layout-9d6595d7 wp-block-columns-is-layout-flex\">\n<div class=\"wp-block-column is-layout-flow wp-block-column-is-layout-flow\" style=\"flex-basis:10%\"><\/div>\n\n\n\n<div class=\"wp-block-column is-layout-flow wp-block-column-is-layout-flow\" style=\"flex-basis:80%\">\n<div class=\"wp-block-columns are-vertically-aligned-center is-layout-flex wp-container-core-columns-is-layout-9d6595d7 wp-block-columns-is-layout-flex\">\n<div class=\"wp-block-column is-vertically-aligned-center is-layout-flow wp-block-column-is-layout-flow\" style=\"flex-basis:30%\"><div class=\"wp-block-image is-style-rounded\">\n<figure class=\"aligncenter size-full is-resized\"><img loading=\"lazy\" decoding=\"async\" width=\"324\" height=\"324\" src=\"https:\/\/misscocktail.fr\/wp-content\/uploads\/2021\/03\/biogenevieve_002.jpg\" alt=\"\" class=\"wp-image-980\" style=\"width:200px;height:200px\" srcset=\"https:\/\/misscocktail.fr\/wp-content\/uploads\/2021\/03\/biogenevieve_002.jpg 324w, https:\/\/misscocktail.fr\/wp-content\/uploads\/2021\/03\/biogenevieve_002-300x300.jpg 300w, https:\/\/misscocktail.fr\/wp-content\/uploads\/2021\/03\/biogenevieve_002-150x150.jpg 150w, https:\/\/misscocktail.fr\/wp-content\/uploads\/2021\/03\/biogenevieve_002-75x75.jpg 75w\" sizes=\"auto, (max-width: 324px) 100vw, 324px\" \/><\/figure>\n<\/div><\/div>\n\n\n\n<div class=\"wp-block-column is-vertically-aligned-center is-layout-flow wp-block-column-is-layout-flow\" style=\"flex-basis:70%\">\n<blockquote class=\"wp-block-quote is-style-large is-layout-flow wp-block-quote-is-layout-flow\">\n<p>\u00ab\u00a0Parce que les belles plantes s&rsquo;arrosent souvent, et que c&rsquo;est toujours l&rsquo;heure de l&rsquo;ap\u00e9ro quelque part dans le monde :<br>A la v\u00f4tre !\u00a0\u00bb <\/p>\n<cite><mark style=\"background-color:rgba(0, 0, 0, 0);color:#db8606\" class=\"has-inline-color\"><strong><a data-type=\"page\" data-id=\"935\" href=\"https:\/\/misscocktail.fr\/?page_id=935\">Genevi\u00e8ve de Parmentier<\/a><\/strong><\/mark><\/cite><\/blockquote>\n<\/div>\n<\/div>\n<\/div>\n\n\n\n<div class=\"wp-block-column is-layout-flow wp-block-column-is-layout-flow\" style=\"flex-basis:10%\"><\/div>\n<\/div>\n\n\n\n<div class=\"wp-block-columns is-layout-flex wp-container-core-columns-is-layout-9d6595d7 wp-block-columns-is-layout-flex\">\n<div class=\"wp-block-column is-layout-flow wp-block-column-is-layout-flow\" style=\"flex-basis:10%\"><\/div>\n\n\n\n<div class=\"wp-block-column is-layout-flow wp-block-column-is-layout-flow\" style=\"flex-basis:80%\">\n<p class=\"has-drop-cap\">C&rsquo;est par ces quelques mots que je r\u00e9pondrais \u00e0 tous ceux qui se demanderaient comment m&rsquo;est venue l&rsquo;id\u00e9e et pourquoi cr\u00e9er cette institution. Puisqu&rsquo;au quotidien notre obsession de l&rsquo;apparence n&rsquo;a d&rsquo;\u00e9gal que notre exigence en mati\u00e8re de qualit\u00e9 de nos breuvages, c&rsquo;est tout naturellement que j&rsquo;ai eu l&rsquo;id\u00e9e d&rsquo;allier les deux en organisant une \u00e9lection de Miss Cocktail ! Etre chique, distingu\u00e9e et tenir encore sur ses talons apr\u00e8s une soir\u00e9e bien arros\u00e9e. Tel est l&rsquo;objectif de toute parisienne qui se respecte, mais que bien peu r\u00e9ussi \u00e0 atteindre. Ce sont surtout les qualit\u00e9s que doit imp\u00e9rativement avoir une Miss Cocktail.<br><br>Oserez-vous relever le d\u00e9fi, braver le jugement intraitable du <strong>Comit\u00e9 Miss Cocktail<\/strong> et postuler \u00e0 la prochaine \u00e9lection de Miss Cocktail ?<\/p>\n\n\n\n<hr class=\"wp-block-separator has-text-color has-css-opacity has-background is-style-wide\" style=\"background-color:#db8606;color:#db8606\"\/>\n\n\n\n<div class=\"wp-block-media-text alignwide is-stacked-on-mobile\" style=\"grid-template-columns:30% auto\"><figure class=\"wp-block-media-text__media\"><a href=\"https:\/\/misscocktail.fr\/?p=2073\"><img loading=\"lazy\" decoding=\"async\" width=\"300\" height=\"190\" src=\"https:\/\/misscocktail.fr\/wp-content\/uploads\/2023\/12\/Election_MC2024-_min.jpg\" alt=\"\" class=\"wp-image-4541 size-full\"\/><\/a><\/figure><div class=\"wp-block-media-text__content\">\n<p class=\"has-medium-font-size\"><strong><a href=\"https:\/\/misscocktail.fr\/?p=2073\" data-type=\"post\" data-id=\"2073\">ELECTION MISS COCKTAIL 2024<\/a><\/strong><\/p>\n\n\n\n<p>Revivez l&rsquo;ambiance de cette c\u00e9r\u00e9monie historique, qui a marqu\u00e9 le retour de Genevi\u00e8ve et qui a b\u00e9n\u00e9fici\u00e9 d&rsquo;un tr\u00e8s grand cru de miss !<\/p>\n\n\n\n<p><a href=\"https:\/\/misscocktail.fr\/?p=2073\" data-type=\"post\" data-id=\"2073\">Lire la suite<\/a><\/p>\n<\/div><\/div>\n\n\n\n<hr class=\"wp-block-separator has-text-color has-css-opacity has-background is-style-wide\" style=\"background-color:#db8606;color:#db8606\"\/>\n\n\n\n<div class=\"wp-block-media-text alignwide is-stacked-on-mobile\" style=\"grid-template-columns:30% auto\"><figure class=\"wp-block-media-text__media\"><a href=\"https:\/\/misscocktail.fr\/?p=3046\"><img loading=\"lazy\" decoding=\"async\" width=\"300\" height=\"190\" src=\"https:\/\/misscocktail.fr\/wp-content\/uploads\/2021\/09\/genevieve_min.jpg\" alt=\"\" class=\"wp-image-3063 size-full\"\/><\/a><\/figure><div class=\"wp-block-media-text__content\">\n<p class=\"has-text-align-left has-medium-font-size\"><strong><a href=\"https:\/\/misscocktail.fr\/?p=3046\" data-type=\"post\" data-id=\"3046\">GENEVIEVE, LE RETOUR, L&rsquo;INTERVIEW<\/a><\/strong><\/p>\n\n\n\n<p>L&rsquo;interview exclusif de Genevi\u00e8ve de Parmentier sur son retour tant attendu !<\/p>\n\n\n\n<p><a href=\"https:\/\/misscocktail.fr\/?p=3046\" data-type=\"post\" data-id=\"3046\">Lire la suite<\/a><\/p>\n<\/div><\/div>\n\n\n\n<hr class=\"wp-block-separator has-text-color has-css-opacity has-background is-style-wide\" style=\"background-color:#db8606;color:#db8606\"\/>\n<\/div>\n\n\n\n<div class=\"wp-block-column is-layout-flow wp-block-column-is-layout-flow\" style=\"flex-basis:10%\"><\/div>\n<\/div>\n\n\n\n<div class=\"wp-block-group alignwide\"><div class=\"wp-block-group__inner-container is-layout-flow wp-block-group-is-layout-flow\"><\/div><\/div>\n","protected":false},"excerpt":{"rendered":"<p>sur le site officiel du Comit\u00e9 Miss Cocktail Regrett\u00e9e par ceux qui l&rsquo;ont connue.Esp\u00e9r\u00e9e par tous les autres.Sa r\u00e9putation a grandi m\u00eame pendant ses ann\u00e9es d&rsquo;absence.Elle vous a entendu !Elle est de retour !10 ans apr\u00e8s : Genevi\u00e8ve de Parmentier est de retour ! \u00ab\u00a0Parce que les belles plantes s&rsquo;arrosent souvent, et que c&rsquo;est toujours l&rsquo;heure de l&rsquo;ap\u00e9ro quelque part dans le monde :A la v\u00f4tre !\u00a0\u00bb C&rsquo;est par ces quelques mots que je r\u00e9pondrais \u00e0 tous ceux qui se demanderaient comment m&rsquo;est venue l&rsquo;id\u00e9e et pourquoi cr\u00e9er cette institution. Puisqu&rsquo;au quotidien notre obsession de l&rsquo;apparence n&rsquo;a d&rsquo;\u00e9gal que notre exigence en mati\u00e8re de qualit\u00e9 de nos breuvages, c&rsquo;est tout naturellement que j&rsquo;ai eu l&rsquo;id\u00e9e d&rsquo;allier les deux en organisant une \u00e9lection de Miss Cocktail ! Etre chique, distingu\u00e9e et tenir encore sur ses talons apr\u00e8s une soir\u00e9e bien arros\u00e9e. Tel est l&rsquo;objectif de toute parisienne qui se respecte, mais que bien peu r\u00e9ussi \u00e0 atteindre. Ce sont surtout les qualit\u00e9s que doit imp\u00e9rativement avoir une Miss Cocktail. Oserez-vous relever le d\u00e9fi, braver le jugement intraitable du Comit\u00e9 Miss Cocktail et postuler \u00e0 la prochaine \u00e9lection de Miss Cocktail ? ELECTION MISS COCKTAIL 2024 Revivez l&rsquo;ambiance de cette c\u00e9r\u00e9monie historique, qui a marqu\u00e9 le retour de Genevi\u00e8ve et qui a b\u00e9n\u00e9fici\u00e9 d&rsquo;un tr\u00e8s grand cru de miss ! Lire la suite GENEVIEVE, LE RETOUR, L&rsquo;INTERVIEW L&rsquo;interview exclusif de Genevi\u00e8ve de Parmentier sur son retour tant attendu ! Lire la suite<\/p>\n","protected":false},"author":1,"featured_media":0,"parent":0,"menu_order":0,"comment_status":"closed","ping_status":"closed","template":"","meta":{"_acf_changed":false,"pgc_sgb_lightbox_settings":"","footnotes":""},"folder":[],"class_list":["post-12","page","type-page","status-publish","hentry"],"acf":[],"yoast_head":"<!-- This site is optimized with the Yoast SEO plugin v26.7 - https:\/\/yoast.com\/wordpress\/plugins\/seo\/ -->\n<title>Bienvenue - Comit\u00e9 Miss Cocktail<\/title>\n<meta name=\"robots\" content=\"index, follow, max-snippet:-1, max-image-preview:large, max-video-preview:-1\" \/>\n<link rel=\"canonical\" href=\"https:\/\/misscocktail.fr\/\" \/>\n<meta property=\"og:locale\" content=\"fr_FR\" \/>\n<meta property=\"og:type\" content=\"article\" \/>\n<meta property=\"og:title\" content=\"Bienvenue sur le site officiel du Comit\u00e9 Miss Cocktail\" \/>\n<meta property=\"og:description\" content=\"Regrett\u00e9e par ceux qui l\u2019ont connue. Esp\u00e9r\u00e9e par tous les autres. Sa r\u00e9putation a grandi m\u00eame pendant ses ann\u00e9es d\u2019absence. Elle vous a entendu ! Elle est de retour ! 10 ans apr\u00e8s : Genevi\u00e8ve de Parmentier est de retour !\" \/>\n<meta property=\"og:url\" content=\"https:\/\/misscocktail.fr\/\" \/>\n<meta property=\"og:site_name\" content=\"Comit\u00e9 Miss Cocktail\" \/>\n<meta property=\"article:publisher\" content=\"https:\/\/www.facebook.com\/groups\/misscocktail\" \/>\n<meta property=\"article:modified_time\" content=\"2024-01-12T16:31:17+00:00\" \/>\n<meta property=\"og:image\" content=\"https:\/\/misscocktail.fr\/wp-content\/uploads\/2021\/05\/fond-lumiere-Logo.jpg\" \/>\n\t<meta property=\"og:image:width\" content=\"1066\" \/>\n\t<meta property=\"og:image:height\" content=\"600\" \/>\n\t<meta property=\"og:image:type\" content=\"image\/jpeg\" \/>\n<meta name=\"twitter:card\" content=\"summary_large_image\" \/>\n<meta name=\"twitter:label1\" content=\"Dur\u00e9e de lecture estim\u00e9e\" \/>\n\t<meta name=\"twitter:data1\" content=\"2 minutes\" \/>\n<script type=\"application\/ld+json\" class=\"yoast-schema-graph\">{\"@context\":\"https:\/\/schema.org\",\"@graph\":[{\"@type\":\"WebPage\",\"@id\":\"https:\/\/misscocktail.fr\/\",\"url\":\"https:\/\/misscocktail.fr\/\",\"name\":\"Bienvenue - Comit\u00e9 Miss Cocktail\",\"isPartOf\":{\"@id\":\"https:\/\/misscocktail.fr\/#website\"},\"primaryImageOfPage\":{\"@id\":\"https:\/\/misscocktail.fr\/#primaryimage\"},\"image\":{\"@id\":\"https:\/\/misscocktail.fr\/#primaryimage\"},\"thumbnailUrl\":\"http:\/\/misscocktail.fr\/wp-content\/uploads\/2021\/03\/biogenevieve_002.jpg\",\"datePublished\":\"2021-01-05T12:43:47+00:00\",\"dateModified\":\"2024-01-12T16:31:17+00:00\",\"breadcrumb\":{\"@id\":\"https:\/\/misscocktail.fr\/#breadcrumb\"},\"inLanguage\":\"fr-FR\",\"potentialAction\":[{\"@type\":\"ReadAction\",\"target\":[\"https:\/\/misscocktail.fr\/\"]}]},{\"@type\":\"ImageObject\",\"inLanguage\":\"fr-FR\",\"@id\":\"https:\/\/misscocktail.fr\/#primaryimage\",\"url\":\"http:\/\/misscocktail.fr\/wp-content\/uploads\/2021\/03\/biogenevieve_002.jpg\",\"contentUrl\":\"http:\/\/misscocktail.fr\/wp-content\/uploads\/2021\/03\/biogenevieve_002.jpg\"},{\"@type\":\"BreadcrumbList\",\"@id\":\"https:\/\/misscocktail.fr\/#breadcrumb\",\"itemListElement\":[{\"@type\":\"ListItem\",\"position\":1,\"name\":\"Accueil\",\"item\":\"https:\/\/misscocktail.fr\/\"},{\"@type\":\"ListItem\",\"position\":2,\"name\":\"Bienvenue\"}]},{\"@type\":\"WebSite\",\"@id\":\"https:\/\/misscocktail.fr\/#website\",\"url\":\"https:\/\/misscocktail.fr\/\",\"name\":\"Comit\u00e9 Miss Cocktail\",\"description\":\"Genevi\u00e8ve de Parmentier\",\"publisher\":{\"@id\":\"https:\/\/misscocktail.fr\/#organization\"},\"alternateName\":\"Miss Cocktail\",\"potentialAction\":[{\"@type\":\"SearchAction\",\"target\":{\"@type\":\"EntryPoint\",\"urlTemplate\":\"https:\/\/misscocktail.fr\/?s={search_term_string}\"},\"query-input\":{\"@type\":\"PropertyValueSpecification\",\"valueRequired\":true,\"valueName\":\"search_term_string\"}}],\"inLanguage\":\"fr-FR\"},{\"@type\":\"Organization\",\"@id\":\"https:\/\/misscocktail.fr\/#organization\",\"name\":\"Comit\u00e9 Miss Cocktail\",\"alternateName\":\"Miss Cocktail\",\"url\":\"https:\/\/misscocktail.fr\/\",\"logo\":{\"@type\":\"ImageObject\",\"inLanguage\":\"fr-FR\",\"@id\":\"https:\/\/misscocktail.fr\/#\/schema\/logo\/image\/\",\"url\":\"https:\/\/misscocktail.fr\/wp-content\/uploads\/2023\/12\/faviconMC.jpg\",\"contentUrl\":\"https:\/\/misscocktail.fr\/wp-content\/uploads\/2023\/12\/faviconMC.jpg\",\"width\":600,\"height\":600,\"caption\":\"Comit\u00e9 Miss Cocktail\"},\"image\":{\"@id\":\"https:\/\/misscocktail.fr\/#\/schema\/logo\/image\/\"},\"sameAs\":[\"https:\/\/www.facebook.com\/groups\/misscocktail\"]}]}<\/script>\n<!-- \/ Yoast SEO plugin. -->","yoast_head_json":{"title":"Bienvenue - Comit\u00e9 Miss Cocktail","robots":{"index":"index","follow":"follow","max-snippet":"max-snippet:-1","max-image-preview":"max-image-preview:large","max-video-preview":"max-video-preview:-1"},"canonical":"https:\/\/misscocktail.fr\/","og_locale":"fr_FR","og_type":"article","og_title":"Bienvenue sur le site officiel du Comit\u00e9 Miss Cocktail","og_description":"Regrett\u00e9e par ceux qui l\u2019ont connue. Esp\u00e9r\u00e9e par tous les autres. Sa r\u00e9putation a grandi m\u00eame pendant ses ann\u00e9es d\u2019absence. Elle vous a entendu ! Elle est de retour ! 10 ans apr\u00e8s : Genevi\u00e8ve de Parmentier est de retour !","og_url":"https:\/\/misscocktail.fr\/","og_site_name":"Comit\u00e9 Miss Cocktail","article_publisher":"https:\/\/www.facebook.com\/groups\/misscocktail","article_modified_time":"2024-01-12T16:31:17+00:00","og_image":[{"width":1066,"height":600,"url":"https:\/\/misscocktail.fr\/wp-content\/uploads\/2021\/05\/fond-lumiere-Logo.jpg","type":"image\/jpeg"}],"twitter_card":"summary_large_image","twitter_misc":{"Dur\u00e9e de lecture estim\u00e9e":"2 minutes"},"schema":{"@context":"https:\/\/schema.org","@graph":[{"@type":"WebPage","@id":"https:\/\/misscocktail.fr\/","url":"https:\/\/misscocktail.fr\/","name":"Bienvenue - Comit\u00e9 Miss Cocktail","isPartOf":{"@id":"https:\/\/misscocktail.fr\/#website"},"primaryImageOfPage":{"@id":"https:\/\/misscocktail.fr\/#primaryimage"},"image":{"@id":"https:\/\/misscocktail.fr\/#primaryimage"},"thumbnailUrl":"http:\/\/misscocktail.fr\/wp-content\/uploads\/2021\/03\/biogenevieve_002.jpg","datePublished":"2021-01-05T12:43:47+00:00","dateModified":"2024-01-12T16:31:17+00:00","breadcrumb":{"@id":"https:\/\/misscocktail.fr\/#breadcrumb"},"inLanguage":"fr-FR","potentialAction":[{"@type":"ReadAction","target":["https:\/\/misscocktail.fr\/"]}]},{"@type":"ImageObject","inLanguage":"fr-FR","@id":"https:\/\/misscocktail.fr\/#primaryimage","url":"http:\/\/misscocktail.fr\/wp-content\/uploads\/2021\/03\/biogenevieve_002.jpg","contentUrl":"http:\/\/misscocktail.fr\/wp-content\/uploads\/2021\/03\/biogenevieve_002.jpg"},{"@type":"BreadcrumbList","@id":"https:\/\/misscocktail.fr\/#breadcrumb","itemListElement":[{"@type":"ListItem","position":1,"name":"Accueil","item":"https:\/\/misscocktail.fr\/"},{"@type":"ListItem","position":2,"name":"Bienvenue"}]},{"@type":"WebSite","@id":"https:\/\/misscocktail.fr\/#website","url":"https:\/\/misscocktail.fr\/","name":"Comit\u00e9 Miss Cocktail","description":"Genevi\u00e8ve de Parmentier","publisher":{"@id":"https:\/\/misscocktail.fr\/#organization"},"alternateName":"Miss Cocktail","potentialAction":[{"@type":"SearchAction","target":{"@type":"EntryPoint","urlTemplate":"https:\/\/misscocktail.fr\/?s={search_term_string}"},"query-input":{"@type":"PropertyValueSpecification","valueRequired":true,"valueName":"search_term_string"}}],"inLanguage":"fr-FR"},{"@type":"Organization","@id":"https:\/\/misscocktail.fr\/#organization","name":"Comit\u00e9 Miss Cocktail","alternateName":"Miss Cocktail","url":"https:\/\/misscocktail.fr\/","logo":{"@type":"ImageObject","inLanguage":"fr-FR","@id":"https:\/\/misscocktail.fr\/#\/schema\/logo\/image\/","url":"https:\/\/misscocktail.fr\/wp-content\/uploads\/2023\/12\/faviconMC.jpg","contentUrl":"https:\/\/misscocktail.fr\/wp-content\/uploads\/2023\/12\/faviconMC.jpg","width":600,"height":600,"caption":"Comit\u00e9 Miss Cocktail"},"image":{"@id":"https:\/\/misscocktail.fr\/#\/schema\/logo\/image\/"},"sameAs":["https:\/\/www.facebook.com\/groups\/misscocktail"]}]}},"_links":{"self":[{"href":"https:\/\/misscocktail.fr\/index.php?rest_route=\/wp\/v2\/pages\/12","targetHints":{"allow":["GET"]}}],"collection":[{"href":"https:\/\/misscocktail.fr\/index.php?rest_route=\/wp\/v2\/pages"}],"about":[{"href":"https:\/\/misscocktail.fr\/index.php?rest_route=\/wp\/v2\/types\/page"}],"author":[{"embeddable":true,"href":"https:\/\/misscocktail.fr\/index.php?rest_route=\/wp\/v2\/users\/1"}],"replies":[{"embeddable":true,"href":"https:\/\/misscocktail.fr\/index.php?rest_route=%2Fwp%2Fv2%2Fcomments&post=12"}],"version-history":[{"count":5,"href":"https:\/\/misscocktail.fr\/index.php?rest_route=\/wp\/v2\/pages\/12\/revisions"}],"predecessor-version":[{"id":4613,"href":"https:\/\/misscocktail.fr\/index.php?rest_route=\/wp\/v2\/pages\/12\/revisions\/4613"}],"wp:attachment":[{"href":"https:\/\/misscocktail.fr\/index.php?rest_route=%2Fwp%2Fv2%2Fmedia&parent=12"}],"wp:term":[{"taxonomy":"folder","embeddable":true,"href":"https:\/\/misscocktail.fr\/index.php?rest_route=%2Fwp%2Fv2%2Ffolder&post=12"}],"curies":[{"name":"wp","href":"https:\/\/api.w.org\/{rel}","templated":true}]}}