{"id":1211,"date":"2021-03-18T16:54:32","date_gmt":"2021-03-18T15:54:32","guid":{"rendered":"https:\/\/misscocktail.fr\/?page_id=1211"},"modified":"2021-06-07T11:01:44","modified_gmt":"2021-06-07T09:01:44","slug":"formulaire-de-contact","status":"publish","type":"page","link":"https:\/\/misscocktail.fr\/?page_id=1211","title":{"rendered":"Formulaire de Contact"},"content":{"rendered":"\n<div class=\"wp-block-columns is-layout-flex wp-container-core-columns-is-layout-9d6595d7 wp-block-columns-is-layout-flex\">\n<div class=\"wp-block-column is-layout-flow wp-block-column-is-layout-flow\" style=\"flex-basis:15%\"><\/div>\n\n\n\n<div class=\"wp-block-column is-layout-flow wp-block-column-is-layout-flow\" style=\"flex-basis:70%\">\n<p class=\"has-normal-font-size\"><strong>Vous souhaitez inviter Miss Cocktail \u00e0 votre \u00e9v\u00e9nement, demander une interview, simplement envoyer un message \u00e0 Genevi\u00e8ve ou \u00e0 Miss Cocktail, ou autre\u2026 Remplissez ce formulaire pour envoyer votre message.<\/strong><\/p>\n\n\n\n<p class=\"has-text-color\" style=\"color:#ff0004\"><strong>Les champs avec un ast\u00e9risque (*) sont obligatoires.<\/strong><\/p>\n\n\n\n<div class=\"forminator-guttenberg\"><form id=\"forminator-module-1946\" class=\"forminator-custom-form forminator-custom-form-1946\" method=\"post\" data-forminator-render=\"0\" data-uid=\"69d91641da2ed\"><div role=\"alert\" aria-live=\"polite\" class=\"forminator-response-message forminator-error\" aria-hidden=\"true\"><\/div><\/form><\/div>\n<\/div>\n\n\n\n<div class=\"wp-block-column is-layout-flow wp-block-column-is-layout-flow\" style=\"flex-basis:15%\"><\/div>\n<\/div>\n\n\n\n<p><\/p>\n","protected":false},"excerpt":{"rendered":"<p>Vous souhaitez inviter Miss Cocktail \u00e0 votre \u00e9v\u00e9nement, demander une interview, simplement envoyer un message \u00e0 Genevi\u00e8ve ou \u00e0 Miss Cocktail, ou autre\u2026 Remplissez ce formulaire pour envoyer votre message. Les champs avec un ast\u00e9risque (*) sont obligatoires.<\/p>\n","protected":false},"author":1,"featured_media":0,"parent":0,"menu_order":0,"comment_status":"closed","ping_status":"closed","template":"","meta":{"_acf_changed":false,"pgc_sgb_lightbox_settings":"","footnotes":""},"folder":[47],"class_list":["post-1211","page","type-page","status-publish","hentry"],"acf":[],"yoast_head":"<!-- This site is optimized with the Yoast SEO plugin v26.7 - https:\/\/yoast.com\/wordpress\/plugins\/seo\/ -->\n<title>Formulaire de Contact - Comit\u00e9 Miss Cocktail<\/title>\n<meta name=\"robots\" content=\"index, follow, max-snippet:-1, max-image-preview:large, max-video-preview:-1\" \/>\n<link rel=\"canonical\" href=\"https:\/\/misscocktail.fr\/?page_id=1211\" \/>\n<meta property=\"og:locale\" content=\"fr_FR\" \/>\n<meta property=\"og:type\" content=\"article\" \/>\n<meta property=\"og:title\" content=\"Formulaire de Contact - Comit\u00e9 Miss Cocktail\" \/>\n<meta property=\"og:description\" content=\"Vous souhaitez inviter Miss Cocktail \u00e0 votre \u00e9v\u00e9nement, demander une interview, simplement envoyer un message \u00e0 Genevi\u00e8ve ou \u00e0 Miss Cocktail, ou autre\u2026 Remplissez ce formulaire pour envoyer votre message. Les champs avec un ast\u00e9risque (*) sont obligatoires.\" \/>\n<meta property=\"og:url\" content=\"https:\/\/misscocktail.fr\/?page_id=1211\" \/>\n<meta property=\"og:site_name\" content=\"Comit\u00e9 Miss Cocktail\" \/>\n<meta property=\"article:publisher\" content=\"https:\/\/www.facebook.com\/groups\/misscocktail\" \/>\n<meta property=\"article:modified_time\" content=\"2021-06-07T09:01:44+00:00\" \/>\n<meta property=\"og:image\" content=\"https:\/\/misscocktail.fr\/wp-content\/uploads\/2021\/05\/fond-lumiere-Logo.jpg\" \/>\n\t<meta property=\"og:image:width\" content=\"1066\" \/>\n\t<meta property=\"og:image:height\" content=\"600\" \/>\n\t<meta property=\"og:image:type\" content=\"image\/jpeg\" \/>\n<meta name=\"twitter:card\" content=\"summary_large_image\" \/>\n<script type=\"application\/ld+json\" class=\"yoast-schema-graph\">{\"@context\":\"https:\/\/schema.org\",\"@graph\":[{\"@type\":\"WebPage\",\"@id\":\"https:\/\/misscocktail.fr\/?page_id=1211\",\"url\":\"https:\/\/misscocktail.fr\/?page_id=1211\",\"name\":\"Formulaire de Contact - Comit\u00e9 Miss Cocktail\",\"isPartOf\":{\"@id\":\"https:\/\/misscocktail.fr\/#website\"},\"datePublished\":\"2021-03-18T15:54:32+00:00\",\"dateModified\":\"2021-06-07T09:01:44+00:00\",\"breadcrumb\":{\"@id\":\"https:\/\/misscocktail.fr\/?page_id=1211#breadcrumb\"},\"inLanguage\":\"fr-FR\",\"potentialAction\":[{\"@type\":\"ReadAction\",\"target\":[\"https:\/\/misscocktail.fr\/?page_id=1211\"]}]},{\"@type\":\"BreadcrumbList\",\"@id\":\"https:\/\/misscocktail.fr\/?page_id=1211#breadcrumb\",\"itemListElement\":[{\"@type\":\"ListItem\",\"position\":1,\"name\":\"Accueil\",\"item\":\"https:\/\/misscocktail.fr\/\"},{\"@type\":\"ListItem\",\"position\":2,\"name\":\"Formulaire de Contact\"}]},{\"@type\":\"WebSite\",\"@id\":\"https:\/\/misscocktail.fr\/#website\",\"url\":\"https:\/\/misscocktail.fr\/\",\"name\":\"Comit\u00e9 Miss Cocktail\",\"description\":\"Genevi\u00e8ve de Parmentier\",\"publisher\":{\"@id\":\"https:\/\/misscocktail.fr\/#organization\"},\"alternateName\":\"Miss Cocktail\",\"potentialAction\":[{\"@type\":\"SearchAction\",\"target\":{\"@type\":\"EntryPoint\",\"urlTemplate\":\"https:\/\/misscocktail.fr\/?s={search_term_string}\"},\"query-input\":{\"@type\":\"PropertyValueSpecification\",\"valueRequired\":true,\"valueName\":\"search_term_string\"}}],\"inLanguage\":\"fr-FR\"},{\"@type\":\"Organization\",\"@id\":\"https:\/\/misscocktail.fr\/#organization\",\"name\":\"Comit\u00e9 Miss Cocktail\",\"alternateName\":\"Miss Cocktail\",\"url\":\"https:\/\/misscocktail.fr\/\",\"logo\":{\"@type\":\"ImageObject\",\"inLanguage\":\"fr-FR\",\"@id\":\"https:\/\/misscocktail.fr\/#\/schema\/logo\/image\/\",\"url\":\"https:\/\/misscocktail.fr\/wp-content\/uploads\/2023\/12\/faviconMC.jpg\",\"contentUrl\":\"https:\/\/misscocktail.fr\/wp-content\/uploads\/2023\/12\/faviconMC.jpg\",\"width\":600,\"height\":600,\"caption\":\"Comit\u00e9 Miss Cocktail\"},\"image\":{\"@id\":\"https:\/\/misscocktail.fr\/#\/schema\/logo\/image\/\"},\"sameAs\":[\"https:\/\/www.facebook.com\/groups\/misscocktail\"]}]}<\/script>\n<!-- \/ Yoast SEO plugin. -->","yoast_head_json":{"title":"Formulaire de Contact - Comit\u00e9 Miss Cocktail","robots":{"index":"index","follow":"follow","max-snippet":"max-snippet:-1","max-image-preview":"max-image-preview:large","max-video-preview":"max-video-preview:-1"},"canonical":"https:\/\/misscocktail.fr\/?page_id=1211","og_locale":"fr_FR","og_type":"article","og_title":"Formulaire de Contact - Comit\u00e9 Miss Cocktail","og_description":"Vous souhaitez inviter Miss Cocktail \u00e0 votre \u00e9v\u00e9nement, demander une interview, simplement envoyer un message \u00e0 Genevi\u00e8ve ou \u00e0 Miss Cocktail, ou autre\u2026 Remplissez ce formulaire pour envoyer votre message. Les champs avec un ast\u00e9risque (*) sont obligatoires.","og_url":"https:\/\/misscocktail.fr\/?page_id=1211","og_site_name":"Comit\u00e9 Miss Cocktail","article_publisher":"https:\/\/www.facebook.com\/groups\/misscocktail","article_modified_time":"2021-06-07T09:01:44+00:00","og_image":[{"width":1066,"height":600,"url":"https:\/\/misscocktail.fr\/wp-content\/uploads\/2021\/05\/fond-lumiere-Logo.jpg","type":"image\/jpeg"}],"twitter_card":"summary_large_image","schema":{"@context":"https:\/\/schema.org","@graph":[{"@type":"WebPage","@id":"https:\/\/misscocktail.fr\/?page_id=1211","url":"https:\/\/misscocktail.fr\/?page_id=1211","name":"Formulaire de Contact - Comit\u00e9 Miss Cocktail","isPartOf":{"@id":"https:\/\/misscocktail.fr\/#website"},"datePublished":"2021-03-18T15:54:32+00:00","dateModified":"2021-06-07T09:01:44+00:00","breadcrumb":{"@id":"https:\/\/misscocktail.fr\/?page_id=1211#breadcrumb"},"inLanguage":"fr-FR","potentialAction":[{"@type":"ReadAction","target":["https:\/\/misscocktail.fr\/?page_id=1211"]}]},{"@type":"BreadcrumbList","@id":"https:\/\/misscocktail.fr\/?page_id=1211#breadcrumb","itemListElement":[{"@type":"ListItem","position":1,"name":"Accueil","item":"https:\/\/misscocktail.fr\/"},{"@type":"ListItem","position":2,"name":"Formulaire de Contact"}]},{"@type":"WebSite","@id":"https:\/\/misscocktail.fr\/#website","url":"https:\/\/misscocktail.fr\/","name":"Comit\u00e9 Miss Cocktail","description":"Genevi\u00e8ve de Parmentier","publisher":{"@id":"https:\/\/misscocktail.fr\/#organization"},"alternateName":"Miss Cocktail","potentialAction":[{"@type":"SearchAction","target":{"@type":"EntryPoint","urlTemplate":"https:\/\/misscocktail.fr\/?s={search_term_string}"},"query-input":{"@type":"PropertyValueSpecification","valueRequired":true,"valueName":"search_term_string"}}],"inLanguage":"fr-FR"},{"@type":"Organization","@id":"https:\/\/misscocktail.fr\/#organization","name":"Comit\u00e9 Miss Cocktail","alternateName":"Miss Cocktail","url":"https:\/\/misscocktail.fr\/","logo":{"@type":"ImageObject","inLanguage":"fr-FR","@id":"https:\/\/misscocktail.fr\/#\/schema\/logo\/image\/","url":"https:\/\/misscocktail.fr\/wp-content\/uploads\/2023\/12\/faviconMC.jpg","contentUrl":"https:\/\/misscocktail.fr\/wp-content\/uploads\/2023\/12\/faviconMC.jpg","width":600,"height":600,"caption":"Comit\u00e9 Miss Cocktail"},"image":{"@id":"https:\/\/misscocktail.fr\/#\/schema\/logo\/image\/"},"sameAs":["https:\/\/www.facebook.com\/groups\/misscocktail"]}]}},"_links":{"self":[{"href":"https:\/\/misscocktail.fr\/index.php?rest_route=\/wp\/v2\/pages\/1211","targetHints":{"allow":["GET"]}}],"collection":[{"href":"https:\/\/misscocktail.fr\/index.php?rest_route=\/wp\/v2\/pages"}],"about":[{"href":"https:\/\/misscocktail.fr\/index.php?rest_route=\/wp\/v2\/types\/page"}],"author":[{"embeddable":true,"href":"https:\/\/misscocktail.fr\/index.php?rest_route=\/wp\/v2\/users\/1"}],"replies":[{"embeddable":true,"href":"https:\/\/misscocktail.fr\/index.php?rest_route=%2Fwp%2Fv2%2Fcomments&post=1211"}],"version-history":[{"count":5,"href":"https:\/\/misscocktail.fr\/index.php?rest_route=\/wp\/v2\/pages\/1211\/revisions"}],"predecessor-version":[{"id":1952,"href":"https:\/\/misscocktail.fr\/index.php?rest_route=\/wp\/v2\/pages\/1211\/revisions\/1952"}],"wp:attachment":[{"href":"https:\/\/misscocktail.fr\/index.php?rest_route=%2Fwp%2Fv2%2Fmedia&parent=1211"}],"wp:term":[{"taxonomy":"folder","embeddable":true,"href":"https:\/\/misscocktail.fr\/index.php?rest_route=%2Fwp%2Fv2%2Ffolder&post=1211"}],"curies":[{"name":"wp","href":"https:\/\/api.w.org\/{rel}","templated":true}]}}