{"id":2,"date":"2021-01-05T11:22:38","date_gmt":"2021-01-05T10:22:38","guid":{"rendered":"http:\/\/misscocktail.fr\/?page_id=2"},"modified":"2023-04-03T16:50:51","modified_gmt":"2023-04-03T14:50:51","slug":"page-d-exemple","status":"publish","type":"page","link":"https:\/\/misscocktail.fr\/?page_id=2","title":{"rendered":"Les Miss Cocktail au fil de l&rsquo;histoire"},"content":{"rendered":"\n<hr class=\"wp-block-separator has-text-color has-css-opacity has-background is-style-default\" style=\"background-color:#db8606;color:#db8606\"\/>\n\n\n\n<div style=\"height:20px\" aria-hidden=\"true\" class=\"wp-block-spacer\"><\/div>\n\n\n\n<p>Depuis sa cr\u00e9ation en <strong><span style=\"color:#db8606\" class=\"has-inline-color\">2009<\/span><\/strong>, le Comit\u00e9 Miss Cocktail a organis\u00e9 cinq c\u00e9r\u00e9monies d&rsquo;\u00e9lection Miss Cocktail. D\u00e9couvrez ici les palmar\u00e8s complets de ces cinq \u00e9lections. Le Comit\u00e9 Miss Cocktail souhaite ici rendre hommage \u00e0 toutes les <strong><span style=\"color:#db8606\" class=\"has-inline-color\">Laur\u00e9ates du titre de Miss Cocktail<\/span><\/strong>, mais \u00e9galement \u00e0 toutes celles dont le talent et les charmes ont \u00e9t\u00e9 r\u00e9compens\u00e9s par un titre de <strong><span style=\"color:#db8606\" class=\"has-inline-color\">Dauphine<\/span><\/strong>. Enfin, <strong><span style=\"color:#db8606\" class=\"has-inline-color\">Genevi\u00e8ve de Parmentier<\/span><\/strong> avait \u00e0 c\u0153ur que soient cit\u00e9es toutes les candidates qui ont courageusement particip\u00e9es \u00e0 toutes ces \u00e9lections. Toutes font partie de la <strong><span style=\"color:#db8606\" class=\"has-inline-color\">grande famille Miss Cocktail<\/span><\/strong> :<\/p>\n\n\n\n<div style=\"height:20px\" aria-hidden=\"true\" class=\"wp-block-spacer\"><\/div>\n\n\n\n<div class=\"wp-block-cover is-light\" style=\"min-height:192px;aspect-ratio:unset;\"><span aria-hidden=\"true\" class=\"wp-block-cover__background has-black-background-color has-background-dim-40 has-background-dim\"><\/span><img loading=\"lazy\" decoding=\"async\" width=\"640\" height=\"478\" class=\"wp-block-cover__image-background wp-image-1896\" alt=\"\" src=\"https:\/\/misscocktail.fr\/wp-content\/uploads\/2021\/05\/mcf_104_11418786504_o.jpg\" style=\"object-position:58% 21%\" data-object-fit=\"cover\" data-object-position=\"58% 21%\" srcset=\"https:\/\/misscocktail.fr\/wp-content\/uploads\/2021\/05\/mcf_104_11418786504_o.jpg 640w, https:\/\/misscocktail.fr\/wp-content\/uploads\/2021\/05\/mcf_104_11418786504_o-300x224.jpg 300w\" sizes=\"auto, (max-width: 640px) 100vw, 640px\" \/><div class=\"wp-block-cover__inner-container is-layout-flow wp-block-cover-is-layout-flow\">\n<p class=\"has-text-align-center\" style=\"font-size:40px\"><strong><a href=\"https:\/\/misscocktail.fr\/?page_id=3132\" data-type=\"page\" data-id=\"3132\"><mark style=\"background-color:rgba(0, 0, 0, 0)\" class=\"has-inline-color has-white-color\">MISS COCKTAIL ALL STARS<\/mark><\/a><\/strong><\/p>\n<\/div><\/div>\n\n\n\n<div style=\"height:25px\" aria-hidden=\"true\" class=\"wp-block-spacer\"><\/div>\n\n\n\n<div class=\"wp-block-cover\" style=\"min-height:192px;aspect-ratio:unset;\"><span aria-hidden=\"true\" class=\"wp-block-cover__background has-black-background-color has-background-dim\"><\/span><img loading=\"lazy\" decoding=\"async\" width=\"570\" height=\"570\" class=\"wp-block-cover__image-background wp-image-1533\" alt=\"\" src=\"https:\/\/misscocktail.fr\/wp-content\/uploads\/2021\/04\/miss_cocktail_2013-e1619170462855.jpg\" style=\"object-position:49% 26%\" data-object-fit=\"cover\" data-object-position=\"49% 26%\" srcset=\"https:\/\/misscocktail.fr\/wp-content\/uploads\/2021\/04\/miss_cocktail_2013-e1619170462855.jpg 570w, https:\/\/misscocktail.fr\/wp-content\/uploads\/2021\/04\/miss_cocktail_2013-e1619170462855-300x300.jpg 300w, https:\/\/misscocktail.fr\/wp-content\/uploads\/2021\/04\/miss_cocktail_2013-e1619170462855-150x150.jpg 150w, https:\/\/misscocktail.fr\/wp-content\/uploads\/2021\/04\/miss_cocktail_2013-e1619170462855-75x75.jpg 75w\" sizes=\"auto, (max-width: 570px) 100vw, 570px\" \/><div class=\"wp-block-cover__inner-container is-layout-flow wp-block-cover-is-layout-flow\">\n<p class=\"has-text-align-center\" style=\"font-size:40px\"><strong><a href=\"https:\/\/misscocktail.fr\/?page_id=1496\" data-type=\"page\" data-id=\"1496\"><span class=\"has-inline-color has-white-color\">MISS COCKTAIL 2013<\/span><\/a><\/strong><\/p>\n<\/div><\/div>\n\n\n\n<div style=\"height:25px\" aria-hidden=\"true\" class=\"wp-block-spacer\"><\/div>\n\n\n\n<div class=\"wp-block-cover is-light\" style=\"min-height:192px;aspect-ratio:unset;\"><span aria-hidden=\"true\" class=\"wp-block-cover__background has-black-background-color has-background-dim\"><\/span><img loading=\"lazy\" decoding=\"async\" width=\"801\" height=\"801\" class=\"wp-block-cover__image-background wp-image-1337\" alt=\"\" src=\"https:\/\/misscocktail.fr\/wp-content\/uploads\/2021\/03\/Miss_Cocktail_2012-e1617111054985.jpg\" style=\"object-position:52% 23%\" data-object-fit=\"cover\" data-object-position=\"52% 23%\" srcset=\"https:\/\/misscocktail.fr\/wp-content\/uploads\/2021\/03\/Miss_Cocktail_2012-e1617111054985.jpg 801w, https:\/\/misscocktail.fr\/wp-content\/uploads\/2021\/03\/Miss_Cocktail_2012-e1617111054985-300x300.jpg 300w, https:\/\/misscocktail.fr\/wp-content\/uploads\/2021\/03\/Miss_Cocktail_2012-e1617111054985-150x150.jpg 150w, https:\/\/misscocktail.fr\/wp-content\/uploads\/2021\/03\/Miss_Cocktail_2012-e1617111054985-768x768.jpg 768w, https:\/\/misscocktail.fr\/wp-content\/uploads\/2021\/03\/Miss_Cocktail_2012-e1617111054985-75x75.jpg 75w\" sizes=\"auto, (max-width: 801px) 100vw, 801px\" \/><div class=\"wp-block-cover__inner-container is-layout-flow wp-block-cover-is-layout-flow\">\n<p class=\"has-text-align-center\" style=\"font-size:40px\"><strong><a href=\"https:\/\/misscocktail.fr\/?page_id=1095\" data-type=\"page\" data-id=\"1095\"><span class=\"has-inline-color has-white-color\">MISS COCKTAIL 2012<\/span><\/a><\/strong><\/p>\n<\/div><\/div>\n\n\n\n<div style=\"height:25px\" aria-hidden=\"true\" class=\"wp-block-spacer\"><\/div>\n\n\n\n<div class=\"wp-block-cover is-light\" style=\"min-height:192px;aspect-ratio:unset;\"><span aria-hidden=\"true\" class=\"wp-block-cover__background has-black-background-color has-background-dim\"><\/span><img loading=\"lazy\" decoding=\"async\" width=\"540\" height=\"540\" class=\"wp-block-cover__image-background wp-image-1289\" alt=\"\" src=\"https:\/\/misscocktail.fr\/wp-content\/uploads\/2021\/03\/Miss_Cocktail_2011-e1617107841778.jpg\" style=\"object-position:52% 32%\" data-object-fit=\"cover\" data-object-position=\"52% 32%\" srcset=\"https:\/\/misscocktail.fr\/wp-content\/uploads\/2021\/03\/Miss_Cocktail_2011-e1617107841778.jpg 540w, https:\/\/misscocktail.fr\/wp-content\/uploads\/2021\/03\/Miss_Cocktail_2011-e1617107841778-300x300.jpg 300w, https:\/\/misscocktail.fr\/wp-content\/uploads\/2021\/03\/Miss_Cocktail_2011-e1617107841778-150x150.jpg 150w, https:\/\/misscocktail.fr\/wp-content\/uploads\/2021\/03\/Miss_Cocktail_2011-e1617107841778-75x75.jpg 75w\" sizes=\"auto, (max-width: 540px) 100vw, 540px\" \/><div class=\"wp-block-cover__inner-container is-layout-flow wp-block-cover-is-layout-flow\">\n<p class=\"has-text-align-center\" style=\"font-size:40px\"><strong><a href=\"https:\/\/misscocktail.fr\/?page_id=720\" data-type=\"page\" data-id=\"720\"><span class=\"has-inline-color has-white-color\">MISS COCKTAIL 2011<\/span><\/a><\/strong><\/p>\n<\/div><\/div>\n\n\n\n<div style=\"height:25px\" aria-hidden=\"true\" class=\"wp-block-spacer\"><\/div>\n\n\n\n<div class=\"wp-block-cover\" style=\"min-height:192px;aspect-ratio:unset;\"><span aria-hidden=\"true\" class=\"wp-block-cover__background has-black-background-color has-background-dim\"><\/span><img loading=\"lazy\" decoding=\"async\" width=\"559\" height=\"559\" class=\"wp-block-cover__image-background wp-image-1238\" alt=\"\" src=\"https:\/\/misscocktail.fr\/wp-content\/uploads\/2021\/03\/MC2010-e1616688921722.jpg\" style=\"object-position:37% 33%\" data-object-fit=\"cover\" data-object-position=\"37% 33%\" srcset=\"https:\/\/misscocktail.fr\/wp-content\/uploads\/2021\/03\/MC2010-e1616688921722.jpg 559w, https:\/\/misscocktail.fr\/wp-content\/uploads\/2021\/03\/MC2010-e1616688921722-300x300.jpg 300w, https:\/\/misscocktail.fr\/wp-content\/uploads\/2021\/03\/MC2010-e1616688921722-75x75.jpg 75w\" sizes=\"auto, (max-width: 559px) 100vw, 559px\" \/><div class=\"wp-block-cover__inner-container is-layout-flow wp-block-cover-is-layout-flow\">\n<p class=\"has-text-align-center\" style=\"font-size:40px\"><strong><a href=\"https:\/\/misscocktail.fr\/?page_id=74\" data-type=\"page\" data-id=\"74\"><span class=\"has-inline-color has-white-color\">MISS COCKTAIL 2010<\/span><\/a><\/strong><\/p>\n<\/div><\/div>\n","protected":false},"excerpt":{"rendered":"<p>Depuis sa cr\u00e9ation en 2009, le Comit\u00e9 Miss Cocktail a organis\u00e9 cinq c\u00e9r\u00e9monies d&rsquo;\u00e9lection Miss Cocktail. D\u00e9couvrez ici les palmar\u00e8s complets de ces cinq \u00e9lections. Le Comit\u00e9 Miss Cocktail souhaite ici rendre hommage \u00e0 toutes les Laur\u00e9ates du titre de Miss Cocktail, mais \u00e9galement \u00e0 toutes celles dont le talent et les charmes ont \u00e9t\u00e9 r\u00e9compens\u00e9s par un titre de Dauphine. Enfin, Genevi\u00e8ve de Parmentier avait \u00e0 c\u0153ur que soient cit\u00e9es toutes les candidates qui ont courageusement particip\u00e9es \u00e0 toutes ces \u00e9lections. Toutes font partie de la grande famille Miss Cocktail :<\/p>\n","protected":false},"author":1,"featured_media":0,"parent":0,"menu_order":0,"comment_status":"closed","ping_status":"open","template":"","meta":{"_acf_changed":false,"pgc_sgb_lightbox_settings":"","footnotes":""},"folder":[11],"class_list":["post-2","page","type-page","status-publish","hentry"],"acf":[],"yoast_head":"<!-- This site is optimized with the Yoast SEO plugin v26.7 - https:\/\/yoast.com\/wordpress\/plugins\/seo\/ -->\n<title>Les Miss Cocktail au fil de l&#039;histoire - Comit\u00e9 Miss Cocktail<\/title>\n<meta name=\"robots\" content=\"index, follow, max-snippet:-1, max-image-preview:large, max-video-preview:-1\" \/>\n<link rel=\"canonical\" href=\"https:\/\/misscocktail.fr\/?page_id=2\" \/>\n<meta property=\"og:locale\" content=\"fr_FR\" \/>\n<meta property=\"og:type\" content=\"article\" \/>\n<meta property=\"og:title\" content=\"Les Miss Cocktail au fil de l&#039;histoire - Comit\u00e9 Miss Cocktail\" \/>\n<meta property=\"og:description\" content=\"Depuis sa cr\u00e9ation en 2009, le Comit\u00e9 Miss Cocktail a organis\u00e9 cinq c\u00e9r\u00e9monies d&rsquo;\u00e9lection Miss Cocktail. D\u00e9couvrez ici les palmar\u00e8s complets de ces cinq \u00e9lections. Le Comit\u00e9 Miss Cocktail souhaite ici rendre hommage \u00e0 toutes les Laur\u00e9ates du titre de Miss Cocktail, mais \u00e9galement \u00e0 toutes celles dont le talent et les charmes ont \u00e9t\u00e9 r\u00e9compens\u00e9s par un titre de Dauphine. Enfin, Genevi\u00e8ve de Parmentier avait \u00e0 c\u0153ur que soient cit\u00e9es toutes les candidates qui ont courageusement particip\u00e9es \u00e0 toutes ces \u00e9lections. Toutes font partie de la grande famille Miss Cocktail :\" \/>\n<meta property=\"og:url\" content=\"https:\/\/misscocktail.fr\/?page_id=2\" \/>\n<meta property=\"og:site_name\" content=\"Comit\u00e9 Miss Cocktail\" \/>\n<meta property=\"article:publisher\" content=\"https:\/\/www.facebook.com\/groups\/misscocktail\" \/>\n<meta property=\"article:modified_time\" content=\"2023-04-03T14:50:51+00:00\" \/>\n<meta property=\"og:image\" content=\"https:\/\/misscocktail.fr\/wp-content\/uploads\/2021\/05\/mcf_104_11418786504_o.jpg\" \/>\n<meta name=\"twitter:card\" content=\"summary_large_image\" \/>\n<meta name=\"twitter:label1\" content=\"Dur\u00e9e de lecture estim\u00e9e\" \/>\n\t<meta name=\"twitter:data1\" content=\"1 minute\" \/>\n<script type=\"application\/ld+json\" class=\"yoast-schema-graph\">{\"@context\":\"https:\/\/schema.org\",\"@graph\":[{\"@type\":\"WebPage\",\"@id\":\"https:\/\/misscocktail.fr\/?page_id=2\",\"url\":\"https:\/\/misscocktail.fr\/?page_id=2\",\"name\":\"Les Miss Cocktail au fil de l'histoire - Comit\u00e9 Miss Cocktail\",\"isPartOf\":{\"@id\":\"https:\/\/misscocktail.fr\/#website\"},\"primaryImageOfPage\":{\"@id\":\"https:\/\/misscocktail.fr\/?page_id=2#primaryimage\"},\"image\":{\"@id\":\"https:\/\/misscocktail.fr\/?page_id=2#primaryimage\"},\"thumbnailUrl\":\"https:\/\/misscocktail.fr\/wp-content\/uploads\/2021\/05\/mcf_104_11418786504_o.jpg\",\"datePublished\":\"2021-01-05T10:22:38+00:00\",\"dateModified\":\"2023-04-03T14:50:51+00:00\",\"breadcrumb\":{\"@id\":\"https:\/\/misscocktail.fr\/?page_id=2#breadcrumb\"},\"inLanguage\":\"fr-FR\",\"potentialAction\":[{\"@type\":\"ReadAction\",\"target\":[\"https:\/\/misscocktail.fr\/?page_id=2\"]}]},{\"@type\":\"ImageObject\",\"inLanguage\":\"fr-FR\",\"@id\":\"https:\/\/misscocktail.fr\/?page_id=2#primaryimage\",\"url\":\"https:\/\/misscocktail.fr\/wp-content\/uploads\/2021\/05\/mcf_104_11418786504_o.jpg\",\"contentUrl\":\"https:\/\/misscocktail.fr\/wp-content\/uploads\/2021\/05\/mcf_104_11418786504_o.jpg\",\"width\":640,\"height\":478,\"caption\":\"Miss Cocktail et ses deux dauphines\"},{\"@type\":\"BreadcrumbList\",\"@id\":\"https:\/\/misscocktail.fr\/?page_id=2#breadcrumb\",\"itemListElement\":[{\"@type\":\"ListItem\",\"position\":1,\"name\":\"Accueil\",\"item\":\"https:\/\/misscocktail.fr\/\"},{\"@type\":\"ListItem\",\"position\":2,\"name\":\"Les Miss Cocktail au fil de l&rsquo;histoire\"}]},{\"@type\":\"WebSite\",\"@id\":\"https:\/\/misscocktail.fr\/#website\",\"url\":\"https:\/\/misscocktail.fr\/\",\"name\":\"Comit\u00e9 Miss Cocktail\",\"description\":\"Genevi\u00e8ve de Parmentier\",\"publisher\":{\"@id\":\"https:\/\/misscocktail.fr\/#organization\"},\"alternateName\":\"Miss Cocktail\",\"potentialAction\":[{\"@type\":\"SearchAction\",\"target\":{\"@type\":\"EntryPoint\",\"urlTemplate\":\"https:\/\/misscocktail.fr\/?s={search_term_string}\"},\"query-input\":{\"@type\":\"PropertyValueSpecification\",\"valueRequired\":true,\"valueName\":\"search_term_string\"}}],\"inLanguage\":\"fr-FR\"},{\"@type\":\"Organization\",\"@id\":\"https:\/\/misscocktail.fr\/#organization\",\"name\":\"Comit\u00e9 Miss Cocktail\",\"alternateName\":\"Miss Cocktail\",\"url\":\"https:\/\/misscocktail.fr\/\",\"logo\":{\"@type\":\"ImageObject\",\"inLanguage\":\"fr-FR\",\"@id\":\"https:\/\/misscocktail.fr\/#\/schema\/logo\/image\/\",\"url\":\"https:\/\/misscocktail.fr\/wp-content\/uploads\/2023\/12\/faviconMC.jpg\",\"contentUrl\":\"https:\/\/misscocktail.fr\/wp-content\/uploads\/2023\/12\/faviconMC.jpg\",\"width\":600,\"height\":600,\"caption\":\"Comit\u00e9 Miss Cocktail\"},\"image\":{\"@id\":\"https:\/\/misscocktail.fr\/#\/schema\/logo\/image\/\"},\"sameAs\":[\"https:\/\/www.facebook.com\/groups\/misscocktail\"]}]}<\/script>\n<!-- \/ Yoast SEO plugin. -->","yoast_head_json":{"title":"Les Miss Cocktail au fil de l'histoire - Comit\u00e9 Miss Cocktail","robots":{"index":"index","follow":"follow","max-snippet":"max-snippet:-1","max-image-preview":"max-image-preview:large","max-video-preview":"max-video-preview:-1"},"canonical":"https:\/\/misscocktail.fr\/?page_id=2","og_locale":"fr_FR","og_type":"article","og_title":"Les Miss Cocktail au fil de l'histoire - Comit\u00e9 Miss Cocktail","og_description":"Depuis sa cr\u00e9ation en 2009, le Comit\u00e9 Miss Cocktail a organis\u00e9 cinq c\u00e9r\u00e9monies d&rsquo;\u00e9lection Miss Cocktail. D\u00e9couvrez ici les palmar\u00e8s complets de ces cinq \u00e9lections. Le Comit\u00e9 Miss Cocktail souhaite ici rendre hommage \u00e0 toutes les Laur\u00e9ates du titre de Miss Cocktail, mais \u00e9galement \u00e0 toutes celles dont le talent et les charmes ont \u00e9t\u00e9 r\u00e9compens\u00e9s par un titre de Dauphine. Enfin, Genevi\u00e8ve de Parmentier avait \u00e0 c\u0153ur que soient cit\u00e9es toutes les candidates qui ont courageusement particip\u00e9es \u00e0 toutes ces \u00e9lections. Toutes font partie de la grande famille Miss Cocktail :","og_url":"https:\/\/misscocktail.fr\/?page_id=2","og_site_name":"Comit\u00e9 Miss Cocktail","article_publisher":"https:\/\/www.facebook.com\/groups\/misscocktail","article_modified_time":"2023-04-03T14:50:51+00:00","og_image":[{"url":"https:\/\/misscocktail.fr\/wp-content\/uploads\/2021\/05\/mcf_104_11418786504_o.jpg","type":"","width":"","height":""}],"twitter_card":"summary_large_image","twitter_misc":{"Dur\u00e9e de lecture estim\u00e9e":"1 minute"},"schema":{"@context":"https:\/\/schema.org","@graph":[{"@type":"WebPage","@id":"https:\/\/misscocktail.fr\/?page_id=2","url":"https:\/\/misscocktail.fr\/?page_id=2","name":"Les Miss Cocktail au fil de l'histoire - Comit\u00e9 Miss Cocktail","isPartOf":{"@id":"https:\/\/misscocktail.fr\/#website"},"primaryImageOfPage":{"@id":"https:\/\/misscocktail.fr\/?page_id=2#primaryimage"},"image":{"@id":"https:\/\/misscocktail.fr\/?page_id=2#primaryimage"},"thumbnailUrl":"https:\/\/misscocktail.fr\/wp-content\/uploads\/2021\/05\/mcf_104_11418786504_o.jpg","datePublished":"2021-01-05T10:22:38+00:00","dateModified":"2023-04-03T14:50:51+00:00","breadcrumb":{"@id":"https:\/\/misscocktail.fr\/?page_id=2#breadcrumb"},"inLanguage":"fr-FR","potentialAction":[{"@type":"ReadAction","target":["https:\/\/misscocktail.fr\/?page_id=2"]}]},{"@type":"ImageObject","inLanguage":"fr-FR","@id":"https:\/\/misscocktail.fr\/?page_id=2#primaryimage","url":"https:\/\/misscocktail.fr\/wp-content\/uploads\/2021\/05\/mcf_104_11418786504_o.jpg","contentUrl":"https:\/\/misscocktail.fr\/wp-content\/uploads\/2021\/05\/mcf_104_11418786504_o.jpg","width":640,"height":478,"caption":"Miss Cocktail et ses deux dauphines"},{"@type":"BreadcrumbList","@id":"https:\/\/misscocktail.fr\/?page_id=2#breadcrumb","itemListElement":[{"@type":"ListItem","position":1,"name":"Accueil","item":"https:\/\/misscocktail.fr\/"},{"@type":"ListItem","position":2,"name":"Les Miss Cocktail au fil de l&rsquo;histoire"}]},{"@type":"WebSite","@id":"https:\/\/misscocktail.fr\/#website","url":"https:\/\/misscocktail.fr\/","name":"Comit\u00e9 Miss Cocktail","description":"Genevi\u00e8ve de Parmentier","publisher":{"@id":"https:\/\/misscocktail.fr\/#organization"},"alternateName":"Miss Cocktail","potentialAction":[{"@type":"SearchAction","target":{"@type":"EntryPoint","urlTemplate":"https:\/\/misscocktail.fr\/?s={search_term_string}"},"query-input":{"@type":"PropertyValueSpecification","valueRequired":true,"valueName":"search_term_string"}}],"inLanguage":"fr-FR"},{"@type":"Organization","@id":"https:\/\/misscocktail.fr\/#organization","name":"Comit\u00e9 Miss Cocktail","alternateName":"Miss Cocktail","url":"https:\/\/misscocktail.fr\/","logo":{"@type":"ImageObject","inLanguage":"fr-FR","@id":"https:\/\/misscocktail.fr\/#\/schema\/logo\/image\/","url":"https:\/\/misscocktail.fr\/wp-content\/uploads\/2023\/12\/faviconMC.jpg","contentUrl":"https:\/\/misscocktail.fr\/wp-content\/uploads\/2023\/12\/faviconMC.jpg","width":600,"height":600,"caption":"Comit\u00e9 Miss Cocktail"},"image":{"@id":"https:\/\/misscocktail.fr\/#\/schema\/logo\/image\/"},"sameAs":["https:\/\/www.facebook.com\/groups\/misscocktail"]}]}},"_links":{"self":[{"href":"https:\/\/misscocktail.fr\/index.php?rest_route=\/wp\/v2\/pages\/2","targetHints":{"allow":["GET"]}}],"collection":[{"href":"https:\/\/misscocktail.fr\/index.php?rest_route=\/wp\/v2\/pages"}],"about":[{"href":"https:\/\/misscocktail.fr\/index.php?rest_route=\/wp\/v2\/types\/page"}],"author":[{"embeddable":true,"href":"https:\/\/misscocktail.fr\/index.php?rest_route=\/wp\/v2\/users\/1"}],"replies":[{"embeddable":true,"href":"https:\/\/misscocktail.fr\/index.php?rest_route=%2Fwp%2Fv2%2Fcomments&post=2"}],"version-history":[{"count":5,"href":"https:\/\/misscocktail.fr\/index.php?rest_route=\/wp\/v2\/pages\/2\/revisions"}],"predecessor-version":[{"id":3936,"href":"https:\/\/misscocktail.fr\/index.php?rest_route=\/wp\/v2\/pages\/2\/revisions\/3936"}],"wp:attachment":[{"href":"https:\/\/misscocktail.fr\/index.php?rest_route=%2Fwp%2Fv2%2Fmedia&parent=2"}],"wp:term":[{"taxonomy":"folder","embeddable":true,"href":"https:\/\/misscocktail.fr\/index.php?rest_route=%2Fwp%2Fv2%2Ffolder&post=2"}],"curies":[{"name":"wp","href":"https:\/\/api.w.org\/{rel}","templated":true}]}}