{"id":3742,"date":"2022-01-25T11:21:51","date_gmt":"2022-01-25T10:21:51","guid":{"rendered":"https:\/\/misscocktail.fr\/?page_id=3742"},"modified":"2022-01-26T14:44:32","modified_gmt":"2022-01-26T13:44:32","slug":"candidate-a-lelection-de-miss-cocktail-2012","status":"publish","type":"page","link":"https:\/\/misscocktail.fr\/?page_id=3742","title":{"rendered":"Candidate \u00e0 l&rsquo;\u00e9lection de Miss Cocktail 2012"},"content":{"rendered":"\n<div style=\"height:15px\" aria-hidden=\"true\" class=\"wp-block-spacer\"><\/div>\n\n\n\n<p class=\"has-text-align-center has-huge-font-size\"><strong><span style=\"color:#db8606\" class=\"has-inline-color\"><\/span><\/strong><\/p>\n\n\n\n<div style=\"height:15px\" aria-hidden=\"true\" class=\"wp-block-spacer\"><\/div>\n\n\n\n<hr class=\"wp-block-separator has-text-color has-background is-style-default\" style=\"background-color:#db8606;color:#db8606\"\/>\n\n\n\n<div style=\"height:25px\" aria-hidden=\"true\" class=\"wp-block-spacer\"><\/div>\n\n\n\n<div class=\"wp-block-columns is-layout-flex wp-container-core-columns-is-layout-9d6595d7 wp-block-columns-is-layout-flex\">\n<div class=\"wp-block-column is-layout-flow wp-block-column-is-layout-flow\" style=\"flex-basis:30%\">\n<p class=\"has-text-align-center\"> <\/p>\n\n\n\n<p class=\"has-text-align-center\"> <strong><\/strong> <\/p>\n<\/div>\n\n\n\n<div class=\"wp-block-column is-layout-flow wp-block-column-is-layout-flow\" style=\"flex-basis:70%\">\n<p><strong>Nom :&nbsp;<\/strong> <\/p>\n\n\n\n<p><strong>N\u00e9e le :&nbsp;<\/strong> &nbsp;&nbsp;&nbsp;&nbsp;&nbsp;&nbsp;<strong>&nbsp;\u00e0 :&nbsp;<\/strong><\/p>\n\n\n\n<p><strong>Profession :&nbsp;<\/strong>  <\/p>\n\n\n\n<p><strong>Habite :&nbsp;<\/strong> <\/p>\n\n\n\n<p><strong>Son cocktail :&nbsp;<\/strong><\/p>\n\n\n\n\n\n\n\n<p><\/p>\n\n\n\n<p><strong>Son ambition dans la vie :<\/strong>  <\/p>\n\n\n\n<p><strong>Elle parle :&nbsp;<\/strong><\/p>\n\n\n\n<p><strong>Ses loisirs :&nbsp;<\/strong> <\/p>\n\n\n\n<p><strong>Elle pratique :<\/strong>  <\/p>\n\n\n\n<p><strong>Ses lectures :<\/strong>  <\/p>\n\n\n\n<p><strong>Ses voyages :&nbsp;<\/strong> <\/p>\n\n\n\n<p><strong>Ses qualit\u00e9s :&nbsp;<\/strong><\/p>\n<\/div>\n<\/div>\n\n\n\n<div style=\"height:50px\" aria-hidden=\"true\" class=\"wp-block-spacer\"><\/div>\n\n\n\n<div class=\"wp-block-buttons is-horizontal is-content-justification-center is-layout-flex wp-container-core-buttons-is-layout-499968f5 wp-block-buttons-is-layout-flex\">\n<div class=\"wp-block-button is-style-fill\"><a class=\"wp-block-button__link has-background\" href=\"https:\/\/misscocktail.fr\/?page_id=1095#candidates2012\" style=\"background-color:#db8606\">Retour aux Candidates<\/a><\/div>\n<\/div>\n","protected":false},"excerpt":{"rendered":"<p>Nom :&nbsp; N\u00e9e le :&nbsp; &nbsp;&nbsp;&nbsp;&nbsp;&nbsp;&nbsp;&nbsp;\u00e0 :&nbsp; Profession :&nbsp; Habite :&nbsp; Son cocktail :&nbsp; Son ambition dans la vie : Elle parle :&nbsp; Ses loisirs :&nbsp; Elle pratique : Ses lectures : Ses voyages :&nbsp; Ses qualit\u00e9s :&nbsp;<\/p>\n","protected":false},"author":1,"featured_media":0,"parent":0,"menu_order":0,"comment_status":"closed","ping_status":"closed","template":"","meta":{"_acf_changed":false,"pgc_sgb_lightbox_settings":"","footnotes":""},"folder":[11],"class_list":["post-3742","page","type-page","status-publish","hentry"],"acf":[],"yoast_head":"<!-- This site is optimized with the Yoast SEO plugin v26.7 - https:\/\/yoast.com\/wordpress\/plugins\/seo\/ -->\n<title>Candidate \u00e0 l&#039;\u00e9lection de Miss Cocktail 2012 - Comit\u00e9 Miss Cocktail<\/title>\n<meta name=\"robots\" content=\"index, follow, max-snippet:-1, max-image-preview:large, max-video-preview:-1\" \/>\n<link rel=\"canonical\" href=\"https:\/\/misscocktail.fr\/?page_id=3742\" \/>\n<meta property=\"og:locale\" content=\"fr_FR\" \/>\n<meta property=\"og:type\" content=\"article\" \/>\n<meta property=\"og:title\" content=\"Candidate \u00e0 l&#039;\u00e9lection de Miss Cocktail 2012 - Comit\u00e9 Miss Cocktail\" \/>\n<meta property=\"og:description\" content=\"Nom :&nbsp; N\u00e9e le :&nbsp; &nbsp;&nbsp;&nbsp;&nbsp;&nbsp;&nbsp;&nbsp;\u00e0 :&nbsp; Profession :&nbsp; Habite :&nbsp; Son cocktail :&nbsp; Son ambition dans la vie : Elle parle :&nbsp; Ses loisirs :&nbsp; Elle pratique : Ses lectures : Ses voyages :&nbsp; Ses qualit\u00e9s :&nbsp;\" \/>\n<meta property=\"og:url\" content=\"https:\/\/misscocktail.fr\/?page_id=3742\" \/>\n<meta property=\"og:site_name\" content=\"Comit\u00e9 Miss Cocktail\" \/>\n<meta property=\"article:publisher\" content=\"https:\/\/www.facebook.com\/groups\/misscocktail\" \/>\n<meta property=\"article:modified_time\" content=\"2022-01-26T13:44:32+00:00\" \/>\n<meta property=\"og:image\" content=\"https:\/\/misscocktail.fr\/wp-content\/uploads\/2021\/05\/fond-lumiere-Logo.jpg\" \/>\n\t<meta property=\"og:image:width\" content=\"1066\" \/>\n\t<meta property=\"og:image:height\" content=\"600\" \/>\n\t<meta property=\"og:image:type\" content=\"image\/jpeg\" \/>\n<meta name=\"twitter:card\" content=\"summary_large_image\" \/>\n<meta name=\"twitter:label1\" content=\"Dur\u00e9e de lecture estim\u00e9e\" \/>\n\t<meta name=\"twitter:data1\" content=\"1 minute\" \/>\n<script type=\"application\/ld+json\" class=\"yoast-schema-graph\">{\"@context\":\"https:\/\/schema.org\",\"@graph\":[{\"@type\":\"WebPage\",\"@id\":\"https:\/\/misscocktail.fr\/?page_id=3742\",\"url\":\"https:\/\/misscocktail.fr\/?page_id=3742\",\"name\":\"Candidate \u00e0 l'\u00e9lection de Miss Cocktail 2012 - Comit\u00e9 Miss Cocktail\",\"isPartOf\":{\"@id\":\"https:\/\/misscocktail.fr\/#website\"},\"datePublished\":\"2022-01-25T10:21:51+00:00\",\"dateModified\":\"2022-01-26T13:44:32+00:00\",\"breadcrumb\":{\"@id\":\"https:\/\/misscocktail.fr\/?page_id=3742#breadcrumb\"},\"inLanguage\":\"fr-FR\",\"potentialAction\":[{\"@type\":\"ReadAction\",\"target\":[\"https:\/\/misscocktail.fr\/?page_id=3742\"]}]},{\"@type\":\"BreadcrumbList\",\"@id\":\"https:\/\/misscocktail.fr\/?page_id=3742#breadcrumb\",\"itemListElement\":[{\"@type\":\"ListItem\",\"position\":1,\"name\":\"Accueil\",\"item\":\"https:\/\/misscocktail.fr\/\"},{\"@type\":\"ListItem\",\"position\":2,\"name\":\"Candidate \u00e0 l&rsquo;\u00e9lection de Miss Cocktail 2012\"}]},{\"@type\":\"WebSite\",\"@id\":\"https:\/\/misscocktail.fr\/#website\",\"url\":\"https:\/\/misscocktail.fr\/\",\"name\":\"Comit\u00e9 Miss Cocktail\",\"description\":\"Genevi\u00e8ve de Parmentier\",\"publisher\":{\"@id\":\"https:\/\/misscocktail.fr\/#organization\"},\"alternateName\":\"Miss Cocktail\",\"potentialAction\":[{\"@type\":\"SearchAction\",\"target\":{\"@type\":\"EntryPoint\",\"urlTemplate\":\"https:\/\/misscocktail.fr\/?s={search_term_string}\"},\"query-input\":{\"@type\":\"PropertyValueSpecification\",\"valueRequired\":true,\"valueName\":\"search_term_string\"}}],\"inLanguage\":\"fr-FR\"},{\"@type\":\"Organization\",\"@id\":\"https:\/\/misscocktail.fr\/#organization\",\"name\":\"Comit\u00e9 Miss Cocktail\",\"alternateName\":\"Miss Cocktail\",\"url\":\"https:\/\/misscocktail.fr\/\",\"logo\":{\"@type\":\"ImageObject\",\"inLanguage\":\"fr-FR\",\"@id\":\"https:\/\/misscocktail.fr\/#\/schema\/logo\/image\/\",\"url\":\"https:\/\/misscocktail.fr\/wp-content\/uploads\/2023\/12\/faviconMC.jpg\",\"contentUrl\":\"https:\/\/misscocktail.fr\/wp-content\/uploads\/2023\/12\/faviconMC.jpg\",\"width\":600,\"height\":600,\"caption\":\"Comit\u00e9 Miss Cocktail\"},\"image\":{\"@id\":\"https:\/\/misscocktail.fr\/#\/schema\/logo\/image\/\"},\"sameAs\":[\"https:\/\/www.facebook.com\/groups\/misscocktail\"]}]}<\/script>\n<!-- \/ Yoast SEO plugin. -->","yoast_head_json":{"title":"Candidate \u00e0 l'\u00e9lection de Miss Cocktail 2012 - Comit\u00e9 Miss Cocktail","robots":{"index":"index","follow":"follow","max-snippet":"max-snippet:-1","max-image-preview":"max-image-preview:large","max-video-preview":"max-video-preview:-1"},"canonical":"https:\/\/misscocktail.fr\/?page_id=3742","og_locale":"fr_FR","og_type":"article","og_title":"Candidate \u00e0 l'\u00e9lection de Miss Cocktail 2012 - Comit\u00e9 Miss Cocktail","og_description":"Nom :&nbsp; N\u00e9e le :&nbsp; &nbsp;&nbsp;&nbsp;&nbsp;&nbsp;&nbsp;&nbsp;\u00e0 :&nbsp; Profession :&nbsp; Habite :&nbsp; Son cocktail :&nbsp; Son ambition dans la vie : Elle parle :&nbsp; Ses loisirs :&nbsp; Elle pratique : Ses lectures : Ses voyages :&nbsp; Ses qualit\u00e9s :&nbsp;","og_url":"https:\/\/misscocktail.fr\/?page_id=3742","og_site_name":"Comit\u00e9 Miss Cocktail","article_publisher":"https:\/\/www.facebook.com\/groups\/misscocktail","article_modified_time":"2022-01-26T13:44:32+00:00","og_image":[{"width":1066,"height":600,"url":"https:\/\/misscocktail.fr\/wp-content\/uploads\/2021\/05\/fond-lumiere-Logo.jpg","type":"image\/jpeg"}],"twitter_card":"summary_large_image","twitter_misc":{"Dur\u00e9e de lecture estim\u00e9e":"1 minute"},"schema":{"@context":"https:\/\/schema.org","@graph":[{"@type":"WebPage","@id":"https:\/\/misscocktail.fr\/?page_id=3742","url":"https:\/\/misscocktail.fr\/?page_id=3742","name":"Candidate \u00e0 l'\u00e9lection de Miss Cocktail 2012 - Comit\u00e9 Miss Cocktail","isPartOf":{"@id":"https:\/\/misscocktail.fr\/#website"},"datePublished":"2022-01-25T10:21:51+00:00","dateModified":"2022-01-26T13:44:32+00:00","breadcrumb":{"@id":"https:\/\/misscocktail.fr\/?page_id=3742#breadcrumb"},"inLanguage":"fr-FR","potentialAction":[{"@type":"ReadAction","target":["https:\/\/misscocktail.fr\/?page_id=3742"]}]},{"@type":"BreadcrumbList","@id":"https:\/\/misscocktail.fr\/?page_id=3742#breadcrumb","itemListElement":[{"@type":"ListItem","position":1,"name":"Accueil","item":"https:\/\/misscocktail.fr\/"},{"@type":"ListItem","position":2,"name":"Candidate \u00e0 l&rsquo;\u00e9lection de Miss Cocktail 2012"}]},{"@type":"WebSite","@id":"https:\/\/misscocktail.fr\/#website","url":"https:\/\/misscocktail.fr\/","name":"Comit\u00e9 Miss Cocktail","description":"Genevi\u00e8ve de Parmentier","publisher":{"@id":"https:\/\/misscocktail.fr\/#organization"},"alternateName":"Miss Cocktail","potentialAction":[{"@type":"SearchAction","target":{"@type":"EntryPoint","urlTemplate":"https:\/\/misscocktail.fr\/?s={search_term_string}"},"query-input":{"@type":"PropertyValueSpecification","valueRequired":true,"valueName":"search_term_string"}}],"inLanguage":"fr-FR"},{"@type":"Organization","@id":"https:\/\/misscocktail.fr\/#organization","name":"Comit\u00e9 Miss Cocktail","alternateName":"Miss Cocktail","url":"https:\/\/misscocktail.fr\/","logo":{"@type":"ImageObject","inLanguage":"fr-FR","@id":"https:\/\/misscocktail.fr\/#\/schema\/logo\/image\/","url":"https:\/\/misscocktail.fr\/wp-content\/uploads\/2023\/12\/faviconMC.jpg","contentUrl":"https:\/\/misscocktail.fr\/wp-content\/uploads\/2023\/12\/faviconMC.jpg","width":600,"height":600,"caption":"Comit\u00e9 Miss Cocktail"},"image":{"@id":"https:\/\/misscocktail.fr\/#\/schema\/logo\/image\/"},"sameAs":["https:\/\/www.facebook.com\/groups\/misscocktail"]}]}},"_links":{"self":[{"href":"https:\/\/misscocktail.fr\/index.php?rest_route=\/wp\/v2\/pages\/3742","targetHints":{"allow":["GET"]}}],"collection":[{"href":"https:\/\/misscocktail.fr\/index.php?rest_route=\/wp\/v2\/pages"}],"about":[{"href":"https:\/\/misscocktail.fr\/index.php?rest_route=\/wp\/v2\/types\/page"}],"author":[{"embeddable":true,"href":"https:\/\/misscocktail.fr\/index.php?rest_route=\/wp\/v2\/users\/1"}],"replies":[{"embeddable":true,"href":"https:\/\/misscocktail.fr\/index.php?rest_route=%2Fwp%2Fv2%2Fcomments&post=3742"}],"version-history":[{"count":3,"href":"https:\/\/misscocktail.fr\/index.php?rest_route=\/wp\/v2\/pages\/3742\/revisions"}],"predecessor-version":[{"id":3780,"href":"https:\/\/misscocktail.fr\/index.php?rest_route=\/wp\/v2\/pages\/3742\/revisions\/3780"}],"wp:attachment":[{"href":"https:\/\/misscocktail.fr\/index.php?rest_route=%2Fwp%2Fv2%2Fmedia&parent=3742"}],"wp:term":[{"taxonomy":"folder","embeddable":true,"href":"https:\/\/misscocktail.fr\/index.php?rest_route=%2Fwp%2Fv2%2Ffolder&post=3742"}],"curies":[{"name":"wp","href":"https:\/\/api.w.org\/{rel}","templated":true}]}}