{"id":3923,"date":"2022-06-22T18:02:23","date_gmt":"2022-06-22T16:02:23","guid":{"rendered":"https:\/\/misscocktail.fr\/?page_id=3923"},"modified":"2023-12-15T16:06:18","modified_gmt":"2023-12-15T15:06:18","slug":"pas-de-reseaux-sociaux","status":"publish","type":"page","link":"https:\/\/misscocktail.fr\/?page_id=3923","title":{"rendered":"Pas de R\u00e9seaux Sociaux !"},"content":{"rendered":"\n<div class=\"wp-block-columns is-layout-flex wp-container-core-columns-is-layout-9d6595d7 wp-block-columns-is-layout-flex\">\n<div class=\"wp-block-column is-layout-flow wp-block-column-is-layout-flow\" style=\"flex-basis:15%\"><\/div>\n\n\n\n<div class=\"wp-block-column is-layout-flow wp-block-column-is-layout-flow\" style=\"flex-basis:70%\">\n<p><em style=\"\"><b>Pourquoi ?!! Comment Genevi\u00e8ve pourrait se passer des r\u00e9seaux sociaux aujourd&rsquo;hui ?!!! La r\u00e9ponse est simple et tiens en seulement 2 mots : <\/b><\/em><strong><em>Confidentialit\u00e9 et Libert\u00e9. <\/em><\/strong><\/p>\n\n\n\n<h4 class=\"wp-block-heading has-text-color\" style=\"color:#db8606\">Confidentialit\u00e9<\/h4>\n\n\n\n<p>Au cours de ces ann\u00e9es, je ne compte plus le nombre de personnes qui ont h\u00e9sit\u00e9 \u00e0 participer aux soir\u00e9es Miss Cocktail ou qui, lors d&rsquo;une de ces soir\u00e9es demandait (voire suppliait) qu&rsquo;on ne les tag pas sur les photos en cas de partage sur les r\u00e9seaux sociaux.<\/p>\n\n\n\n<p>Tout le monde n&rsquo;est pas pr\u00eat \u00e0 s&rsquo;afficher en grande dame sur son Insta ou son Facebook, surtout s&rsquo;il est partag\u00e9 avec sa famille ou ses coll\u00e8gues de boulo.<\/p>\n\n\n\n<p>Je respecte profond\u00e9ment cela et c&rsquo;est pourquoi j&rsquo;ai cr\u00e9\u00e9 ce site internet (avec acc\u00e8s s\u00e9curis\u00e9) afin de partager toutes les informations, les photos et autres vid\u00e9os sans aucun risque de recevoir le lendemain un message d&rsquo;un grand-oncle qui vous f\u00e9licite pour le choix de votre robe !<\/p>\n\n\n\n<h4 class=\"wp-block-heading has-text-color\" style=\"color:#db8606\">Libert\u00e9<\/h4>\n\n\n\n<p>Elle d\u00e9coule de la confidentialit\u00e9. Une fois rassur\u00e9s sur le devenir des photos de la soir\u00e9e \u00e0 laquelle ils participent, tous se sentiront ainsi plus libres de jouer le jeu \u00e0 fond. Et c&rsquo;est bien le but recherch\u00e9 : Permettre \u00e0 tout le monde de s&rsquo;amuser autant qu&rsquo;il le souhaite et comme il le souhaite, sans crainte du jugement (dans la limite du respect de chacun \u00e9videmment).<\/p>\n\n\n\n<div style=\"height:20px\" aria-hidden=\"true\" class=\"wp-block-spacer\"><\/div>\n\n\n\n<p class=\"has-text-align-center\"><strong>A la v\u00f4tre !<\/strong><\/p>\n\n\n<div class=\"wp-block-image\">\n<figure class=\"aligncenter size-large is-resized\"><img loading=\"lazy\" decoding=\"async\" width=\"1024\" height=\"223\" src=\"https:\/\/misscocktail.fr\/wp-content\/uploads\/2022\/05\/Genevieve_Notera-1024x223.png\" alt=\"\" class=\"wp-image-3909\" style=\"object-fit:contain;width:400px;height:112px\" srcset=\"https:\/\/misscocktail.fr\/wp-content\/uploads\/2022\/05\/Genevieve_Notera-1024x223.png 1024w, https:\/\/misscocktail.fr\/wp-content\/uploads\/2022\/05\/Genevieve_Notera-300x65.png 300w, https:\/\/misscocktail.fr\/wp-content\/uploads\/2022\/05\/Genevieve_Notera-768x167.png 768w, https:\/\/misscocktail.fr\/wp-content\/uploads\/2022\/05\/Genevieve_Notera-1140x248.png 1140w, https:\/\/misscocktail.fr\/wp-content\/uploads\/2022\/05\/Genevieve_Notera.png 1419w\" sizes=\"auto, (max-width: 1024px) 100vw, 1024px\" \/><\/figure>\n<\/div>\n\n\n<div style=\"height:20px\" aria-hidden=\"true\" class=\"wp-block-spacer\"><\/div>\n\n\n\n<div style=\"height:20px\" aria-hidden=\"true\" class=\"wp-block-spacer\"><\/div>\n<\/div>\n\n\n\n<div class=\"wp-block-column is-layout-flow wp-block-column-is-layout-flow\" style=\"flex-basis:15%\"><\/div>\n<\/div>\n\n\n\n<p><\/p>\n","protected":false},"excerpt":{"rendered":"<p>Pourquoi ?!! Comment Genevi\u00e8ve pourrait se passer des r\u00e9seaux sociaux aujourd&rsquo;hui ?!!! La r\u00e9ponse est simple et tiens en seulement 2 mots : Confidentialit\u00e9 et Libert\u00e9. Confidentialit\u00e9 Au cours de ces ann\u00e9es, je ne compte plus le nombre de personnes qui ont h\u00e9sit\u00e9 \u00e0 participer aux soir\u00e9es Miss Cocktail ou qui, lors d&rsquo;une de ces soir\u00e9es demandait (voire suppliait) qu&rsquo;on ne les tag pas sur les photos en cas de partage sur les r\u00e9seaux sociaux. Tout le monde n&rsquo;est pas pr\u00eat \u00e0 s&rsquo;afficher en grande dame sur son Insta ou son Facebook, surtout s&rsquo;il est partag\u00e9 avec sa famille ou ses coll\u00e8gues de boulo. Je respecte profond\u00e9ment cela et c&rsquo;est pourquoi j&rsquo;ai cr\u00e9\u00e9 ce site internet (avec acc\u00e8s s\u00e9curis\u00e9) afin de partager toutes les informations, les photos et autres vid\u00e9os sans aucun risque de recevoir le lendemain un message d&rsquo;un grand-oncle qui vous f\u00e9licite pour le choix de votre robe ! Libert\u00e9 Elle d\u00e9coule de la confidentialit\u00e9. Une fois rassur\u00e9s sur le devenir des photos de la soir\u00e9e \u00e0 laquelle ils participent, tous se sentiront ainsi plus libres de jouer le jeu \u00e0 fond. Et c&rsquo;est bien le but recherch\u00e9 : Permettre \u00e0 tout le monde de s&rsquo;amuser autant qu&rsquo;il le souhaite et comme il le souhaite, sans crainte du jugement (dans la limite du respect de chacun \u00e9videmment). A la v\u00f4tre !<\/p>\n","protected":false},"author":1,"featured_media":0,"parent":0,"menu_order":0,"comment_status":"closed","ping_status":"closed","template":"","meta":{"_acf_changed":false,"pgc_sgb_lightbox_settings":"","footnotes":""},"folder":[],"class_list":["post-3923","page","type-page","status-publish","hentry"],"acf":[],"yoast_head":"<!-- This site is optimized with the Yoast SEO plugin v26.7 - https:\/\/yoast.com\/wordpress\/plugins\/seo\/ -->\n<title>Pas de R\u00e9seaux Sociaux ! - Comit\u00e9 Miss Cocktail<\/title>\n<meta name=\"robots\" content=\"index, follow, max-snippet:-1, max-image-preview:large, max-video-preview:-1\" \/>\n<link rel=\"canonical\" href=\"https:\/\/misscocktail.fr\/?page_id=3923\" \/>\n<meta property=\"og:locale\" content=\"fr_FR\" \/>\n<meta property=\"og:type\" content=\"article\" \/>\n<meta property=\"og:title\" content=\"Pas de R\u00e9seaux Sociaux ! - Comit\u00e9 Miss Cocktail\" \/>\n<meta property=\"og:description\" content=\"Pourquoi ?!! Comment Genevi\u00e8ve pourrait se passer des r\u00e9seaux sociaux aujourd&rsquo;hui ?!!! La r\u00e9ponse est simple et tiens en seulement 2 mots : Confidentialit\u00e9 et Libert\u00e9. Confidentialit\u00e9 Au cours de ces ann\u00e9es, je ne compte plus le nombre de personnes qui ont h\u00e9sit\u00e9 \u00e0 participer aux soir\u00e9es Miss Cocktail ou qui, lors d&rsquo;une de ces soir\u00e9es demandait (voire suppliait) qu&rsquo;on ne les tag pas sur les photos en cas de partage sur les r\u00e9seaux sociaux. Tout le monde n&rsquo;est pas pr\u00eat \u00e0 s&rsquo;afficher en grande dame sur son Insta ou son Facebook, surtout s&rsquo;il est partag\u00e9 avec sa famille ou ses coll\u00e8gues de boulo. Je respecte profond\u00e9ment cela et c&rsquo;est pourquoi j&rsquo;ai cr\u00e9\u00e9 ce site internet (avec acc\u00e8s s\u00e9curis\u00e9) afin de partager toutes les informations, les photos et autres vid\u00e9os sans aucun risque de recevoir le lendemain un message d&rsquo;un grand-oncle qui vous f\u00e9licite pour le choix de votre robe ! Libert\u00e9 Elle d\u00e9coule de la confidentialit\u00e9. Une fois rassur\u00e9s sur le devenir des photos de la soir\u00e9e \u00e0 laquelle ils participent, tous se sentiront ainsi plus libres de jouer le jeu \u00e0 fond. Et c&rsquo;est bien le but recherch\u00e9 : Permettre \u00e0 tout le monde de s&rsquo;amuser autant qu&rsquo;il le souhaite et comme il le souhaite, sans crainte du jugement (dans la limite du respect de chacun \u00e9videmment). A la v\u00f4tre !\" \/>\n<meta property=\"og:url\" content=\"https:\/\/misscocktail.fr\/?page_id=3923\" \/>\n<meta property=\"og:site_name\" content=\"Comit\u00e9 Miss Cocktail\" \/>\n<meta property=\"article:publisher\" content=\"https:\/\/www.facebook.com\/groups\/misscocktail\" \/>\n<meta property=\"article:modified_time\" content=\"2023-12-15T15:06:18+00:00\" \/>\n<meta property=\"og:image\" content=\"https:\/\/misscocktail.fr\/wp-content\/uploads\/2022\/05\/Genevieve_Notera-1024x223.png\" \/>\n<meta name=\"twitter:card\" content=\"summary_large_image\" \/>\n<meta name=\"twitter:label1\" content=\"Dur\u00e9e de lecture estim\u00e9e\" \/>\n\t<meta name=\"twitter:data1\" content=\"1 minute\" \/>\n<script type=\"application\/ld+json\" class=\"yoast-schema-graph\">{\"@context\":\"https:\/\/schema.org\",\"@graph\":[{\"@type\":\"WebPage\",\"@id\":\"https:\/\/misscocktail.fr\/?page_id=3923\",\"url\":\"https:\/\/misscocktail.fr\/?page_id=3923\",\"name\":\"Pas de R\u00e9seaux Sociaux ! - Comit\u00e9 Miss Cocktail\",\"isPartOf\":{\"@id\":\"https:\/\/misscocktail.fr\/#website\"},\"primaryImageOfPage\":{\"@id\":\"https:\/\/misscocktail.fr\/?page_id=3923#primaryimage\"},\"image\":{\"@id\":\"https:\/\/misscocktail.fr\/?page_id=3923#primaryimage\"},\"thumbnailUrl\":\"https:\/\/misscocktail.fr\/wp-content\/uploads\/2022\/05\/Genevieve_Notera-1024x223.png\",\"datePublished\":\"2022-06-22T16:02:23+00:00\",\"dateModified\":\"2023-12-15T15:06:18+00:00\",\"breadcrumb\":{\"@id\":\"https:\/\/misscocktail.fr\/?page_id=3923#breadcrumb\"},\"inLanguage\":\"fr-FR\",\"potentialAction\":[{\"@type\":\"ReadAction\",\"target\":[\"https:\/\/misscocktail.fr\/?page_id=3923\"]}]},{\"@type\":\"ImageObject\",\"inLanguage\":\"fr-FR\",\"@id\":\"https:\/\/misscocktail.fr\/?page_id=3923#primaryimage\",\"url\":\"https:\/\/misscocktail.fr\/wp-content\/uploads\/2022\/05\/Genevieve_Notera.png\",\"contentUrl\":\"https:\/\/misscocktail.fr\/wp-content\/uploads\/2022\/05\/Genevieve_Notera.png\",\"width\":1419,\"height\":309},{\"@type\":\"BreadcrumbList\",\"@id\":\"https:\/\/misscocktail.fr\/?page_id=3923#breadcrumb\",\"itemListElement\":[{\"@type\":\"ListItem\",\"position\":1,\"name\":\"Accueil\",\"item\":\"https:\/\/misscocktail.fr\/\"},{\"@type\":\"ListItem\",\"position\":2,\"name\":\"Pas de R\u00e9seaux Sociaux !\"}]},{\"@type\":\"WebSite\",\"@id\":\"https:\/\/misscocktail.fr\/#website\",\"url\":\"https:\/\/misscocktail.fr\/\",\"name\":\"Comit\u00e9 Miss Cocktail\",\"description\":\"Genevi\u00e8ve de Parmentier\",\"publisher\":{\"@id\":\"https:\/\/misscocktail.fr\/#organization\"},\"alternateName\":\"Miss Cocktail\",\"potentialAction\":[{\"@type\":\"SearchAction\",\"target\":{\"@type\":\"EntryPoint\",\"urlTemplate\":\"https:\/\/misscocktail.fr\/?s={search_term_string}\"},\"query-input\":{\"@type\":\"PropertyValueSpecification\",\"valueRequired\":true,\"valueName\":\"search_term_string\"}}],\"inLanguage\":\"fr-FR\"},{\"@type\":\"Organization\",\"@id\":\"https:\/\/misscocktail.fr\/#organization\",\"name\":\"Comit\u00e9 Miss Cocktail\",\"alternateName\":\"Miss Cocktail\",\"url\":\"https:\/\/misscocktail.fr\/\",\"logo\":{\"@type\":\"ImageObject\",\"inLanguage\":\"fr-FR\",\"@id\":\"https:\/\/misscocktail.fr\/#\/schema\/logo\/image\/\",\"url\":\"https:\/\/misscocktail.fr\/wp-content\/uploads\/2023\/12\/faviconMC.jpg\",\"contentUrl\":\"https:\/\/misscocktail.fr\/wp-content\/uploads\/2023\/12\/faviconMC.jpg\",\"width\":600,\"height\":600,\"caption\":\"Comit\u00e9 Miss Cocktail\"},\"image\":{\"@id\":\"https:\/\/misscocktail.fr\/#\/schema\/logo\/image\/\"},\"sameAs\":[\"https:\/\/www.facebook.com\/groups\/misscocktail\"]}]}<\/script>\n<!-- \/ Yoast SEO plugin. -->","yoast_head_json":{"title":"Pas de R\u00e9seaux Sociaux ! - Comit\u00e9 Miss Cocktail","robots":{"index":"index","follow":"follow","max-snippet":"max-snippet:-1","max-image-preview":"max-image-preview:large","max-video-preview":"max-video-preview:-1"},"canonical":"https:\/\/misscocktail.fr\/?page_id=3923","og_locale":"fr_FR","og_type":"article","og_title":"Pas de R\u00e9seaux Sociaux ! - Comit\u00e9 Miss Cocktail","og_description":"Pourquoi ?!! Comment Genevi\u00e8ve pourrait se passer des r\u00e9seaux sociaux aujourd&rsquo;hui ?!!! La r\u00e9ponse est simple et tiens en seulement 2 mots : Confidentialit\u00e9 et Libert\u00e9. Confidentialit\u00e9 Au cours de ces ann\u00e9es, je ne compte plus le nombre de personnes qui ont h\u00e9sit\u00e9 \u00e0 participer aux soir\u00e9es Miss Cocktail ou qui, lors d&rsquo;une de ces soir\u00e9es demandait (voire suppliait) qu&rsquo;on ne les tag pas sur les photos en cas de partage sur les r\u00e9seaux sociaux. Tout le monde n&rsquo;est pas pr\u00eat \u00e0 s&rsquo;afficher en grande dame sur son Insta ou son Facebook, surtout s&rsquo;il est partag\u00e9 avec sa famille ou ses coll\u00e8gues de boulo. Je respecte profond\u00e9ment cela et c&rsquo;est pourquoi j&rsquo;ai cr\u00e9\u00e9 ce site internet (avec acc\u00e8s s\u00e9curis\u00e9) afin de partager toutes les informations, les photos et autres vid\u00e9os sans aucun risque de recevoir le lendemain un message d&rsquo;un grand-oncle qui vous f\u00e9licite pour le choix de votre robe ! Libert\u00e9 Elle d\u00e9coule de la confidentialit\u00e9. Une fois rassur\u00e9s sur le devenir des photos de la soir\u00e9e \u00e0 laquelle ils participent, tous se sentiront ainsi plus libres de jouer le jeu \u00e0 fond. Et c&rsquo;est bien le but recherch\u00e9 : Permettre \u00e0 tout le monde de s&rsquo;amuser autant qu&rsquo;il le souhaite et comme il le souhaite, sans crainte du jugement (dans la limite du respect de chacun \u00e9videmment). A la v\u00f4tre !","og_url":"https:\/\/misscocktail.fr\/?page_id=3923","og_site_name":"Comit\u00e9 Miss Cocktail","article_publisher":"https:\/\/www.facebook.com\/groups\/misscocktail","article_modified_time":"2023-12-15T15:06:18+00:00","og_image":[{"url":"https:\/\/misscocktail.fr\/wp-content\/uploads\/2022\/05\/Genevieve_Notera-1024x223.png","type":"","width":"","height":""}],"twitter_card":"summary_large_image","twitter_misc":{"Dur\u00e9e de lecture estim\u00e9e":"1 minute"},"schema":{"@context":"https:\/\/schema.org","@graph":[{"@type":"WebPage","@id":"https:\/\/misscocktail.fr\/?page_id=3923","url":"https:\/\/misscocktail.fr\/?page_id=3923","name":"Pas de R\u00e9seaux Sociaux ! - Comit\u00e9 Miss Cocktail","isPartOf":{"@id":"https:\/\/misscocktail.fr\/#website"},"primaryImageOfPage":{"@id":"https:\/\/misscocktail.fr\/?page_id=3923#primaryimage"},"image":{"@id":"https:\/\/misscocktail.fr\/?page_id=3923#primaryimage"},"thumbnailUrl":"https:\/\/misscocktail.fr\/wp-content\/uploads\/2022\/05\/Genevieve_Notera-1024x223.png","datePublished":"2022-06-22T16:02:23+00:00","dateModified":"2023-12-15T15:06:18+00:00","breadcrumb":{"@id":"https:\/\/misscocktail.fr\/?page_id=3923#breadcrumb"},"inLanguage":"fr-FR","potentialAction":[{"@type":"ReadAction","target":["https:\/\/misscocktail.fr\/?page_id=3923"]}]},{"@type":"ImageObject","inLanguage":"fr-FR","@id":"https:\/\/misscocktail.fr\/?page_id=3923#primaryimage","url":"https:\/\/misscocktail.fr\/wp-content\/uploads\/2022\/05\/Genevieve_Notera.png","contentUrl":"https:\/\/misscocktail.fr\/wp-content\/uploads\/2022\/05\/Genevieve_Notera.png","width":1419,"height":309},{"@type":"BreadcrumbList","@id":"https:\/\/misscocktail.fr\/?page_id=3923#breadcrumb","itemListElement":[{"@type":"ListItem","position":1,"name":"Accueil","item":"https:\/\/misscocktail.fr\/"},{"@type":"ListItem","position":2,"name":"Pas de R\u00e9seaux Sociaux !"}]},{"@type":"WebSite","@id":"https:\/\/misscocktail.fr\/#website","url":"https:\/\/misscocktail.fr\/","name":"Comit\u00e9 Miss Cocktail","description":"Genevi\u00e8ve de Parmentier","publisher":{"@id":"https:\/\/misscocktail.fr\/#organization"},"alternateName":"Miss Cocktail","potentialAction":[{"@type":"SearchAction","target":{"@type":"EntryPoint","urlTemplate":"https:\/\/misscocktail.fr\/?s={search_term_string}"},"query-input":{"@type":"PropertyValueSpecification","valueRequired":true,"valueName":"search_term_string"}}],"inLanguage":"fr-FR"},{"@type":"Organization","@id":"https:\/\/misscocktail.fr\/#organization","name":"Comit\u00e9 Miss Cocktail","alternateName":"Miss Cocktail","url":"https:\/\/misscocktail.fr\/","logo":{"@type":"ImageObject","inLanguage":"fr-FR","@id":"https:\/\/misscocktail.fr\/#\/schema\/logo\/image\/","url":"https:\/\/misscocktail.fr\/wp-content\/uploads\/2023\/12\/faviconMC.jpg","contentUrl":"https:\/\/misscocktail.fr\/wp-content\/uploads\/2023\/12\/faviconMC.jpg","width":600,"height":600,"caption":"Comit\u00e9 Miss Cocktail"},"image":{"@id":"https:\/\/misscocktail.fr\/#\/schema\/logo\/image\/"},"sameAs":["https:\/\/www.facebook.com\/groups\/misscocktail"]}]}},"_links":{"self":[{"href":"https:\/\/misscocktail.fr\/index.php?rest_route=\/wp\/v2\/pages\/3923","targetHints":{"allow":["GET"]}}],"collection":[{"href":"https:\/\/misscocktail.fr\/index.php?rest_route=\/wp\/v2\/pages"}],"about":[{"href":"https:\/\/misscocktail.fr\/index.php?rest_route=\/wp\/v2\/types\/page"}],"author":[{"embeddable":true,"href":"https:\/\/misscocktail.fr\/index.php?rest_route=\/wp\/v2\/users\/1"}],"replies":[{"embeddable":true,"href":"https:\/\/misscocktail.fr\/index.php?rest_route=%2Fwp%2Fv2%2Fcomments&post=3923"}],"version-history":[{"count":5,"href":"https:\/\/misscocktail.fr\/index.php?rest_route=\/wp\/v2\/pages\/3923\/revisions"}],"predecessor-version":[{"id":4175,"href":"https:\/\/misscocktail.fr\/index.php?rest_route=\/wp\/v2\/pages\/3923\/revisions\/4175"}],"wp:attachment":[{"href":"https:\/\/misscocktail.fr\/index.php?rest_route=%2Fwp%2Fv2%2Fmedia&parent=3923"}],"wp:term":[{"taxonomy":"folder","embeddable":true,"href":"https:\/\/misscocktail.fr\/index.php?rest_route=%2Fwp%2Fv2%2Ffolder&post=3923"}],"curies":[{"name":"wp","href":"https:\/\/api.w.org\/{rel}","templated":true}]}}